{"id":3046,"date":"2026-04-08T10:56:09","date_gmt":"2026-04-08T08:56:09","guid":{"rendered":"https:\/\/rubisspa.ch\/?page_id=3046"},"modified":"2026-04-08T10:56:09","modified_gmt":"2026-04-08T08:56:09","slug":"serenity-bubble-for-two-6","status":"publish","type":"page","link":"https:\/\/rubisspa.ch\/en\/serenity-bubble-for-two-6\/","title":{"rendered":"Serenity Bubble for Two"},"content":{"rendered":"<style>.kb-row-layout-id3037_adccce-cc > .kt-row-column-wrap{align-content:center;}:where(.kb-row-layout-id3037_adccce-cc > .kt-row-column-wrap) > .wp-block-kadence-column{justify-content:center;}.kb-row-layout-id3037_adccce-cc > .kt-row-column-wrap{column-gap:var(--global-kb-gap-lg, 4rem);row-gap:var(--global-kb-gap-lg, 4rem);max-width:var( --global-content-width, 1290px );padding-left:var(--global-content-edge-padding);padding-right:var(--global-content-edge-padding);padding-top:var(--global-kb-spacing-xl, 4rem);padding-right:0px;padding-bottom:var(--global-kb-spacing-xxl, 5rem);padding-left:0px;min-height:80vh;grid-template-columns:minmax(0, calc(50% - ((var(--global-kb-gap-lg, 4rem) * 1 )\/2)))minmax(0, calc(50% - ((var(--global-kb-gap-lg, 4rem) * 1 )\/2)));}.kb-row-layout-id3037_adccce-cc > .kt-row-layout-overlay{opacity:0.30;}@media all and (max-width: 1024px){.kb-row-layout-id3037_adccce-cc > .kt-row-column-wrap{padding-right:var(--global-kb-spacing-sm, 1.5rem);padding-left:var(--global-kb-spacing-sm, 1.5rem);min-height:90vh;grid-template-columns:repeat(2, minmax(0, 1fr));}}@media all and (max-width: 767px){.kb-row-layout-id3037_adccce-cc > .kt-row-column-wrap{padding-bottom:0px;grid-template-columns:minmax(0, 1fr);}.kb-row-layout-id3037_adccce-cc > .kt-row-column-wrap > .wp-block-kadence-column:nth-child(1 of *:not(style)){order:2;}.kb-row-layout-id3037_adccce-cc > .kt-row-column-wrap > .wp-block-kadence-column:nth-child(2 of *:not(style)){order:1;}.kb-row-layout-id3037_adccce-cc > .kt-row-column-wrap > .wp-block-kadence-column:nth-child(3 of *:not(style)){order:12;}.kb-row-layout-id3037_adccce-cc > .kt-row-column-wrap > .wp-block-kadence-column:nth-child(4 of *:not(style)){order:11;}.kb-row-layout-id3037_adccce-cc > .kt-row-column-wrap > .wp-block-kadence-column:nth-child(5 of *:not(style)){order:22;}.kb-row-layout-id3037_adccce-cc > .kt-row-column-wrap > .wp-block-kadence-column:nth-child(6 of *:not(style)){order:21;}.kb-row-layout-id3037_adccce-cc > .kt-row-column-wrap > .wp-block-kadence-column:nth-child(7 of *:not(style)){order:32;}.kb-row-layout-id3037_adccce-cc > .kt-row-column-wrap > .wp-block-kadence-column:nth-child(8 of *:not(style)){order:31;}}<\/style><div class=\"kb-row-layout-wrap kb-row-layout-id3037_adccce-cc alignfull has-theme-palette8-background-color kt-row-has-bg wp-block-kadence-rowlayout\"><div class=\"kt-row-column-wrap kt-has-2-columns kt-row-layout-equal kt-tab-layout-inherit kt-mobile-layout-row kt-row-valign-middle kb-theme-content-width\">\n<style>.kadence-column3037_a68b7d-4d > .kt-inside-inner-col,.kadence-column3037_a68b7d-4d > .kt-inside-inner-col:before{border-top-left-radius:0px;border-top-right-radius:0px;border-bottom-right-radius:0px;border-bottom-left-radius:0px;}.kadence-column3037_a68b7d-4d > .kt-inside-inner-col{column-gap:var(--global-kb-gap-sm, 1rem);}.kadence-column3037_a68b7d-4d > .kt-inside-inner-col{flex-direction:column;}.kadence-column3037_a68b7d-4d > .kt-inside-inner-col > .aligncenter{width:100%;}.kadence-column3037_a68b7d-4d > .kt-inside-inner-col:before{opacity:0.3;}.kadence-column3037_a68b7d-4d{position:relative;}@media all and (max-width: 1024px){.kadence-column3037_a68b7d-4d > .kt-inside-inner-col{flex-direction:column;justify-content:center;}}@media all and (max-width: 767px){.kadence-column3037_a68b7d-4d > .kt-inside-inner-col{padding-right:var(--global-kb-spacing-sm, 1.5rem);padding-left:var(--global-kb-spacing-sm, 1.5rem);flex-direction:column;justify-content:center;}}<\/style>\n<div class=\"wp-block-kadence-column kadence-column3037_a68b7d-4d\"><div class=\"kt-inside-inner-col\"><style>.wp-block-kadence-advancedheading.kt-adv-heading3037_2331dd-18, .wp-block-kadence-advancedheading.kt-adv-heading3037_2331dd-18[data-kb-block=\"kb-adv-heading3037_2331dd-18\"]{padding-bottom:var(--global-kb-spacing-xs, 1rem);margin-bottom:0px;text-align:left;font-weight:400;font-style:normal;font-family:mrblaketon-pro;text-transform:none;}.wp-block-kadence-advancedheading.kt-adv-heading3037_2331dd-18 mark.kt-highlight, .wp-block-kadence-advancedheading.kt-adv-heading3037_2331dd-18[data-kb-block=\"kb-adv-heading3037_2331dd-18\"] mark.kt-highlight{font-style:normal;color:#f76a0c;-webkit-box-decoration-break:clone;box-decoration-break:clone;padding-top:0px;padding-right:0px;padding-bottom:0px;padding-left:0px;}.wp-block-kadence-advancedheading.kt-adv-heading3037_2331dd-18 img.kb-inline-image, .wp-block-kadence-advancedheading.kt-adv-heading3037_2331dd-18[data-kb-block=\"kb-adv-heading3037_2331dd-18\"] img.kb-inline-image{width:150px;vertical-align:baseline;}<\/style>\n<h2 class=\"kt-adv-heading3037_2331dd-18 wp-block-kadence-advancedheading\" data-kb-block=\"kb-adv-heading3037_2331dd-18\">Nos soins du corps<\/h2>\n\n\n<style>.wp-block-kadence-advancedheading.kt-adv-heading3037_b0a59e-0c, .wp-block-kadence-advancedheading.kt-adv-heading3037_b0a59e-0c[data-kb-block=\"kb-adv-heading3037_b0a59e-0c\"]{padding-top:0px;padding-bottom:var(--global-kb-spacing-xs, 1rem);margin-top:0px;margin-bottom:0px;font-size:var(--global-kb-font-size-lg, 2rem);line-height:40px;font-weight:500;font-style:normal;font-family:swear-text;text-transform:uppercase;}.wp-block-kadence-advancedheading.kt-adv-heading3037_b0a59e-0c mark.kt-highlight, .wp-block-kadence-advancedheading.kt-adv-heading3037_b0a59e-0c[data-kb-block=\"kb-adv-heading3037_b0a59e-0c\"] mark.kt-highlight{font-style:normal;color:#f76a0c;-webkit-box-decoration-break:clone;box-decoration-break:clone;padding-top:0px;padding-right:0px;padding-bottom:0px;padding-left:0px;}.wp-block-kadence-advancedheading.kt-adv-heading3037_b0a59e-0c img.kb-inline-image, .wp-block-kadence-advancedheading.kt-adv-heading3037_b0a59e-0c[data-kb-block=\"kb-adv-heading3037_b0a59e-0c\"] img.kb-inline-image{width:150px;vertical-align:baseline;}@media all and (max-width: 1024px){.wp-block-kadence-advancedheading.kt-adv-heading3037_b0a59e-0c, .wp-block-kadence-advancedheading.kt-adv-heading3037_b0a59e-0c[data-kb-block=\"kb-adv-heading3037_b0a59e-0c\"]{font-size:var(--global-kb-font-size-lg, 2rem);line-height:40px;}}@media all and (max-width: 767px){.wp-block-kadence-advancedheading.kt-adv-heading3037_b0a59e-0c, .wp-block-kadence-advancedheading.kt-adv-heading3037_b0a59e-0c[data-kb-block=\"kb-adv-heading3037_b0a59e-0c\"]{font-size:36px;line-height:50px;}}<\/style>\n<h1 class=\"kt-adv-heading3037_b0a59e-0c wp-block-kadence-advancedheading\" data-kb-block=\"kb-adv-heading3037_b0a59e-0c\" data-aos-duration=\"700\" data-aos-delay=\"50\">Bain au Lait de Riz<\/h1>\n\n\n<style>.wp-block-kadence-advancedheading.kt-adv-heading3037_d2831b-a9, .wp-block-kadence-advancedheading.kt-adv-heading3037_d2831b-a9[data-kb-block=\"kb-adv-heading3037_d2831b-a9\"]{font-style:normal;}.wp-block-kadence-advancedheading.kt-adv-heading3037_d2831b-a9 mark.kt-highlight, .wp-block-kadence-advancedheading.kt-adv-heading3037_d2831b-a9[data-kb-block=\"kb-adv-heading3037_d2831b-a9\"] mark.kt-highlight{font-style:normal;color:#f76a0c;-webkit-box-decoration-break:clone;box-decoration-break:clone;padding-top:0px;padding-right:0px;padding-bottom:0px;padding-left:0px;}.wp-block-kadence-advancedheading.kt-adv-heading3037_d2831b-a9 img.kb-inline-image, .wp-block-kadence-advancedheading.kt-adv-heading3037_d2831b-a9[data-kb-block=\"kb-adv-heading3037_d2831b-a9\"] img.kb-inline-image{width:150px;vertical-align:baseline;}<\/style>\n<p class=\"kt-adv-heading3037_d2831b-a9 wp-block-kadence-advancedheading\" data-kb-block=\"kb-adv-heading3037_d2831b-a9\">Plongez dans un moment de pure douceur avec notre <strong>bain au lait de riz<\/strong>, inspir\u00e9 des rituels de beaut\u00e9 asiatiques. <strong>Riche en vitamines, min\u00e9raux et antioxydants<\/strong>, le lait de riz est reconnu pour ses<strong> vertus apaisantes, hydratantes et illuminatrices<\/strong>.<\/p>\n\n\n\n<p><br\/>Ce bain relaxant <strong>aide \u00e0 adoucir la peau<\/strong>, <strong>unifier le teint et calmer les peaux sensibles ou irrit\u00e9es<\/strong>. Il enveloppe le corps d\u2019un voile soyeux tout en apportant une <strong>sensation de bien-\u00eatre profond<\/strong>. Un v\u00e9ritable soin cocooning, id\u00e9al pour <strong>se ressourcer <\/strong>et sublimer la peau naturellement.<\/p>\n\n\n\n<p class=\"has-theme-palette-1-color has-text-color has-link-color has-medium-font-size wp-elements-1ff04b12aa787509718cf1f15563e93e\"><strong>30min \u2022 CHF 40.-<\/strong><\/p>\n\n\n<style>.wp-block-kadence-advancedbtn.kb-btns3037_04f992-c0{gap:var(--global-kb-gap-xs, 0.5rem );justify-content:flex-start;align-items:center;}.kt-btns3037_04f992-c0 .kt-button{font-weight:normal;font-style:normal;}.kt-btns3037_04f992-c0 .kt-btn-wrap-0{margin-right:5px;}.wp-block-kadence-advancedbtn.kt-btns3037_04f992-c0 .kt-btn-wrap-0 .kt-button{color:#555555;border-color:#555555;}.wp-block-kadence-advancedbtn.kt-btns3037_04f992-c0 .kt-btn-wrap-0 .kt-button:hover, .wp-block-kadence-advancedbtn.kt-btns3037_04f992-c0 .kt-btn-wrap-0 .kt-button:focus{color:#ffffff;border-color:#444444;}.wp-block-kadence-advancedbtn.kt-btns3037_04f992-c0 .kt-btn-wrap-0 .kt-button::before{display:none;}.wp-block-kadence-advancedbtn.kt-btns3037_04f992-c0 .kt-btn-wrap-0 .kt-button:hover, .wp-block-kadence-advancedbtn.kt-btns3037_04f992-c0 .kt-btn-wrap-0 .kt-button:focus{background:#444444;}<\/style>\n<div class=\"wp-block-kadence-advancedbtn kb-buttons-wrap kb-btns3037_04f992-c0\"><style>ul.menu .wp-block-kadence-advancedbtn .kb-btn3037_1b1cc6-d6.kb-button{width:initial;}<\/style><a class=\"kb-button kt-button button kb-btn3037_1b1cc6-d6 kt-btn-size-small kt-btn-width-type-auto kb-btn-global-inherit  kt-btn-has-text-true kt-btn-has-svg-false  wp-block-button__link wp-block-kadence-singlebtn\" href=\"https:\/\/rubisspa.ch\/en\/reservation\/?service=soin-corps-bain-lait-de-riz\"><span class=\"kt-btn-inner-text\">Book now<\/span><\/a><\/div>\n<\/div><\/div>\n\n\n<style>.kadence-column3037_dd1631-44 > .kt-inside-inner-col,.kadence-column3037_dd1631-44 > .kt-inside-inner-col:before{border-top-left-radius:0px;border-top-right-radius:0px;border-bottom-right-radius:0px;border-bottom-left-radius:0px;}.kadence-column3037_dd1631-44 > .kt-inside-inner-col{column-gap:var(--global-kb-gap-sm, 1rem);}.kadence-column3037_dd1631-44 > .kt-inside-inner-col{flex-direction:column;}.kadence-column3037_dd1631-44 > .kt-inside-inner-col > .aligncenter{width:100%;}.kadence-column3037_dd1631-44 > .kt-inside-inner-col:before{opacity:0.3;}.kadence-column3037_dd1631-44{position:relative;}@media all and (max-width: 1024px){.kadence-column3037_dd1631-44 > .kt-inside-inner-col{flex-direction:column;justify-content:center;}}@media all and (max-width: 767px){.kadence-column3037_dd1631-44 > .kt-inside-inner-col{flex-direction:column;justify-content:center;}}<\/style>\n<div class=\"wp-block-kadence-column kadence-column3037_dd1631-44\"><div class=\"kt-inside-inner-col\"><style>.wp-block-kadence-advancedgallery.kb-gallery-wrap-id-3037_cbf7a1-90{padding-top:0px;padding-bottom:0px;}.kb-gallery-id-3037_cbf7a1-90 .kadence-blocks-gallery-item .kb-gal-image-radius, .kb-gallery-id-3037_cbf7a1-90 .kb-slide-item .kb-gal-image-radius img{border-radius:0px 0px 0px 0px;;}.kb-gallery-wrap-id-3037_cbf7a1-90.wp-block-kadence-advancedgallery{overflow:visible;}.kb-gallery-wrap-id-3037_cbf7a1-90.wp-block-kadence-advancedgallery .kt-blocks-carousel{overflow:visible;}.kb-gallery-id-3037_cbf7a1-90 .splide__arrow{font-size:var(--global-kb-font-size-md, 1.25rem);}.kb-gallery-id-3037_cbf7a1-90 .splide .splide__arrow{color:var(--global-palette9, #ffffff);}.kb-gallery-id-3037_cbf7a1-90 .splide .splide__arrow{background-color:rgba(0,0,0,0);}.kb-gallery-id-3037_cbf7a1-90 .splide .splide__arrow{border-color:rgba(252,230,232,0);}.kb-gallery-id-3037_cbf7a1-90 .kb-gallery-pause-button{color:var(--global-palette9, #ffffff);}.kb-gallery-id-3037_cbf7a1-90 .kb-gallery-pause-button{background-color:rgba(0,0,0,0);}.kb-gallery-id-3037_cbf7a1-90 .kb-gallery-pause-button{border-color:rgba(252,230,232,0);}<\/style><div class=\"kb-gallery-wrap-id-3037_cbf7a1-90 alignnone wp-block-kadence-advancedgallery\"><div class=\"kb-gallery-ul kb-gallery-non-static kb-gallery-type-slider kb-gallery-id-3037_cbf7a1-90 kb-gallery-caption-style-below kb-gallery-filter-none\" data-image-filter=\"none\" data-lightbox-caption=\"true\"><div class=\"kt-blocks-carousel splide kt-carousel-container-dotstyle-none kt-carousel-arrowstyle-none kt-carousel-dotstyle-none kb-slider-group-arrow kb-slider-arrow-position-center\" data-slider-anim-speed=\"400\" data-slider-scroll=\"1\" data-slider-arrows=\"false\" data-slider-fade=\"true\" data-slider-dots=\"false\" data-slider-type=\"slider\" data-slider-hover-pause=\"false\" data-slider-auto=\"\" data-slider-speed=\"7000\" data-show-pause-button=\"false\"><div class=\"splide__track\"><ul class=\"kt-blocks-carousel-init kb-blocks-slider splide__list\"><li class=\"kb-slide-item kb-gallery-slide-item splide__slide\"><div class=\"kadence-blocks-gallery-item\"><div class=\"kadence-blocks-gallery-item-inner\"><figure class=\"kb-gallery-figure kadence-blocks-gallery-item-hide-caption\"><div class=\"kb-gal-image-radius\"><div class=\"kb-gallery-image-contain kadence-blocks-gallery-intrinsic kb-gallery-image-ratio-square kb-has-image-ratio-square\" ><img loading=\"lazy\" decoding=\"async\" src=\"data:image\/svg+xml,%3Csvg%20xmlns='http:\/\/www.w3.org\/2000\/svg'%20viewBox='0%200%201000%20667'%3E%3C\/svg%3E\"  data-splide-lazy=\"https:\/\/rubisspa.ch\/wp-content\/uploads\/2026\/04\/SEL-DE-BAIN-LAIT-DE-RIZ.jpg\" width=\"1365\" height=\"2048\" alt=\"\" data-full-image=\"https:\/\/rubisspa.ch\/wp-content\/uploads\/2026\/04\/SEL-DE-BAIN-LAIT-DE-RIZ.jpg\" data-light-image=\"https:\/\/rubisspa.ch\/wp-content\/uploads\/2026\/04\/SEL-DE-BAIN-LAIT-DE-RIZ.jpg\" data-splide-lazy-srcset=\"https:\/\/rubisspa.ch\/wp-content\/uploads\/2026\/04\/SEL-DE-BAIN-LAIT-DE-RIZ.jpg 1365w, https:\/\/rubisspa.ch\/wp-content\/uploads\/2026\/04\/SEL-DE-BAIN-LAIT-DE-RIZ-200x300.jpg 200w, https:\/\/rubisspa.ch\/wp-content\/uploads\/2026\/04\/SEL-DE-BAIN-LAIT-DE-RIZ-683x1024.jpg 683w, https:\/\/rubisspa.ch\/wp-content\/uploads\/2026\/04\/SEL-DE-BAIN-LAIT-DE-RIZ-768x1152.jpg 768w, https:\/\/rubisspa.ch\/wp-content\/uploads\/2026\/04\/SEL-DE-BAIN-LAIT-DE-RIZ-1024x1536.jpg 1024w, https:\/\/rubisspa.ch\/wp-content\/uploads\/2026\/04\/SEL-DE-BAIN-LAIT-DE-RIZ-600x900.jpg 600w\" sizes=\"auto, (max-width: 1365px) 100vw, 1365px\"data-id=\"2993\" class=\"wp-image-2993 skip-lazy\"\/><\/div><\/div><\/figure><\/div><\/div><\/li><\/ul><\/div><\/div><\/div><\/div><\/div><\/div>\n\n<\/div><\/div>\n<p><\/p>\n","protected":false},"excerpt":{"rendered":"<p>Nos soins du corps Bain au Lait de Riz Plongez dans un moment de pure douceur avec notre bain au lait de riz, inspir\u00e9 des rituels de beaut\u00e9 asiatiques. Riche en vitamines, min\u00e9raux et antioxydants, le lait de riz est reconnu pour ses vertus apaisantes, hydratantes et illuminatrices. Ce bain relaxant aide \u00e0 adoucir la&#8230;<\/p>\n","protected":false},"author":1,"featured_media":0,"parent":0,"menu_order":0,"comment_status":"closed","ping_status":"closed","template":"","meta":{"_kad_blocks_custom_css":"","_kad_blocks_head_custom_js":"","_kad_blocks_body_custom_js":"","_kad_blocks_footer_custom_js":"","_monsterinsights_skip_tracking":false,"_monsterinsights_sitenote_active":false,"_monsterinsights_sitenote_note":"","_monsterinsights_sitenote_category":0,"_kad_post_transparent":"","_kad_post_title":"hide","_kad_post_layout":"fullwidth","_kad_post_sidebar_id":"","_kad_post_content_style":"unboxed","_kad_post_vertical_padding":"","_kad_post_feature":"","_kad_post_feature_position":"","_kad_post_header":false,"_kad_post_footer":false,"_kad_post_classname":"","footnotes":""},"class_list":["post-3046","page","type-page","status-publish","hentry"],"yoast_head":"<!-- This site is optimized with the Yoast SEO plugin v27.3 - https:\/\/yoast.com\/product\/yoast-seo-wordpress\/ -->\n<title>Serenity Bubble for Two - Rubis Spa Switzerland<\/title>\n<meta name=\"robots\" content=\"index, follow, max-snippet:-1, max-image-preview:large, max-video-preview:-1\" \/>\n<link rel=\"canonical\" href=\"https:\/\/rubisspa.ch\/en\/serenity-bubble-for-two-6\/\" \/>\n<meta property=\"og:locale\" content=\"en_US\" \/>\n<meta property=\"og:type\" content=\"article\" \/>\n<meta property=\"og:title\" content=\"Serenity Bubble for Two - Rubis Spa Switzerland\" \/>\n<meta property=\"og:description\" content=\"Nos soins du corps Bain au Lait de Riz Plongez dans un moment de pure douceur avec notre bain au lait de riz, inspir\u00e9 des rituels de beaut\u00e9 asiatiques. Riche en vitamines, min\u00e9raux et antioxydants, le lait de riz est reconnu pour ses vertus apaisantes, hydratantes et illuminatrices. Ce bain relaxant aide \u00e0 adoucir la...\" \/>\n<meta property=\"og:url\" content=\"https:\/\/rubisspa.ch\/en\/serenity-bubble-for-two-6\/\" \/>\n<meta property=\"og:site_name\" content=\"Rubis Spa Switzerland\" \/>\n<meta name=\"twitter:card\" content=\"summary_large_image\" \/>\n<meta name=\"twitter:label1\" content=\"Est. reading time\" \/>\n\t<meta name=\"twitter:data1\" content=\"1 minute\" \/>\n<script type=\"application\/ld+json\" class=\"yoast-schema-graph\">{\"@context\":\"https:\\\/\\\/schema.org\",\"@graph\":[{\"@type\":\"WebPage\",\"@id\":\"https:\\\/\\\/rubisspa.ch\\\/en\\\/serenity-bubble-for-two-6\\\/\",\"url\":\"https:\\\/\\\/rubisspa.ch\\\/en\\\/serenity-bubble-for-two-6\\\/\",\"name\":\"Serenity Bubble for Two - Rubis Spa Switzerland\",\"isPartOf\":{\"@id\":\"https:\\\/\\\/rubisspa.ch\\\/en\\\/#website\"},\"datePublished\":\"2026-04-08T08:56:09+00:00\",\"breadcrumb\":{\"@id\":\"https:\\\/\\\/rubisspa.ch\\\/en\\\/serenity-bubble-for-two-6\\\/#breadcrumb\"},\"inLanguage\":\"en-US\",\"potentialAction\":[{\"@type\":\"ReadAction\",\"target\":[\"https:\\\/\\\/rubisspa.ch\\\/en\\\/serenity-bubble-for-two-6\\\/\"]}]},{\"@type\":\"BreadcrumbList\",\"@id\":\"https:\\\/\\\/rubisspa.ch\\\/en\\\/serenity-bubble-for-two-6\\\/#breadcrumb\",\"itemListElement\":[{\"@type\":\"ListItem\",\"position\":1,\"name\":\"Accueil\",\"item\":\"https:\\\/\\\/rubisspa.ch\\\/en\\\/\"},{\"@type\":\"ListItem\",\"position\":2,\"name\":\"Serenity Bubble for Two\"}]},{\"@type\":\"WebSite\",\"@id\":\"https:\\\/\\\/rubisspa.ch\\\/en\\\/#website\",\"url\":\"https:\\\/\\\/rubisspa.ch\\\/en\\\/\",\"name\":\"Rubis Spa Corseaux\",\"description\":\"Votre \u00e9crin d&#039;\u00e9vasion face au L\u00e9man\",\"publisher\":{\"@id\":\"https:\\\/\\\/rubisspa.ch\\\/en\\\/#organization\"},\"potentialAction\":[{\"@type\":\"SearchAction\",\"target\":{\"@type\":\"EntryPoint\",\"urlTemplate\":\"https:\\\/\\\/rubisspa.ch\\\/en\\\/?s={search_term_string}\"},\"query-input\":{\"@type\":\"PropertyValueSpecification\",\"valueRequired\":true,\"valueName\":\"search_term_string\"}}],\"inLanguage\":\"en-US\"},{\"@type\":\"Organization\",\"@id\":\"https:\\\/\\\/rubisspa.ch\\\/en\\\/#organization\",\"name\":\"Rubis Spa Corseaux\",\"url\":\"https:\\\/\\\/rubisspa.ch\\\/en\\\/\",\"logo\":{\"@type\":\"ImageObject\",\"inLanguage\":\"en-US\",\"@id\":\"https:\\\/\\\/rubisspa.ch\\\/en\\\/#\\\/schema\\\/logo\\\/image\\\/\",\"url\":\"https:\\\/\\\/rubisspa.ch\\\/wp-content\\\/uploads\\\/2025\\\/03\\\/Rubis_Spa_Corseaux_Logo.png\",\"contentUrl\":\"https:\\\/\\\/rubisspa.ch\\\/wp-content\\\/uploads\\\/2025\\\/03\\\/Rubis_Spa_Corseaux_Logo.png\",\"width\":558,\"height\":374,\"caption\":\"Rubis Spa Corseaux\"},\"image\":{\"@id\":\"https:\\\/\\\/rubisspa.ch\\\/en\\\/#\\\/schema\\\/logo\\\/image\\\/\"}}]}<\/script>\n<!-- \/ Yoast SEO plugin. -->","yoast_head_json":{"title":"Serenity Bubble for Two - Rubis Spa Switzerland","robots":{"index":"index","follow":"follow","max-snippet":"max-snippet:-1","max-image-preview":"max-image-preview:large","max-video-preview":"max-video-preview:-1"},"canonical":"https:\/\/rubisspa.ch\/en\/serenity-bubble-for-two-6\/","og_locale":"en_US","og_type":"article","og_title":"Serenity Bubble for Two - Rubis Spa Switzerland","og_description":"Nos soins du corps Bain au Lait de Riz Plongez dans un moment de pure douceur avec notre bain au lait de riz, inspir\u00e9 des rituels de beaut\u00e9 asiatiques. Riche en vitamines, min\u00e9raux et antioxydants, le lait de riz est reconnu pour ses vertus apaisantes, hydratantes et illuminatrices. Ce bain relaxant aide \u00e0 adoucir la...","og_url":"https:\/\/rubisspa.ch\/en\/serenity-bubble-for-two-6\/","og_site_name":"Rubis Spa Switzerland","twitter_card":"summary_large_image","twitter_misc":{"Est. reading time":"1 minute"},"schema":{"@context":"https:\/\/schema.org","@graph":[{"@type":"WebPage","@id":"https:\/\/rubisspa.ch\/en\/serenity-bubble-for-two-6\/","url":"https:\/\/rubisspa.ch\/en\/serenity-bubble-for-two-6\/","name":"Serenity Bubble for Two - Rubis Spa Switzerland","isPartOf":{"@id":"https:\/\/rubisspa.ch\/en\/#website"},"datePublished":"2026-04-08T08:56:09+00:00","breadcrumb":{"@id":"https:\/\/rubisspa.ch\/en\/serenity-bubble-for-two-6\/#breadcrumb"},"inLanguage":"en-US","potentialAction":[{"@type":"ReadAction","target":["https:\/\/rubisspa.ch\/en\/serenity-bubble-for-two-6\/"]}]},{"@type":"BreadcrumbList","@id":"https:\/\/rubisspa.ch\/en\/serenity-bubble-for-two-6\/#breadcrumb","itemListElement":[{"@type":"ListItem","position":1,"name":"Accueil","item":"https:\/\/rubisspa.ch\/en\/"},{"@type":"ListItem","position":2,"name":"Serenity Bubble for Two"}]},{"@type":"WebSite","@id":"https:\/\/rubisspa.ch\/en\/#website","url":"https:\/\/rubisspa.ch\/en\/","name":"Rubis Spa Corseaux","description":"Votre \u00e9crin d&#039;\u00e9vasion face au L\u00e9man","publisher":{"@id":"https:\/\/rubisspa.ch\/en\/#organization"},"potentialAction":[{"@type":"SearchAction","target":{"@type":"EntryPoint","urlTemplate":"https:\/\/rubisspa.ch\/en\/?s={search_term_string}"},"query-input":{"@type":"PropertyValueSpecification","valueRequired":true,"valueName":"search_term_string"}}],"inLanguage":"en-US"},{"@type":"Organization","@id":"https:\/\/rubisspa.ch\/en\/#organization","name":"Rubis Spa Corseaux","url":"https:\/\/rubisspa.ch\/en\/","logo":{"@type":"ImageObject","inLanguage":"en-US","@id":"https:\/\/rubisspa.ch\/en\/#\/schema\/logo\/image\/","url":"https:\/\/rubisspa.ch\/wp-content\/uploads\/2025\/03\/Rubis_Spa_Corseaux_Logo.png","contentUrl":"https:\/\/rubisspa.ch\/wp-content\/uploads\/2025\/03\/Rubis_Spa_Corseaux_Logo.png","width":558,"height":374,"caption":"Rubis Spa Corseaux"},"image":{"@id":"https:\/\/rubisspa.ch\/en\/#\/schema\/logo\/image\/"}}]}},"taxonomy_info":[],"featured_image_src_large":false,"author_info":{"display_name":"joel","author_link":"https:\/\/rubisspa.ch\/en\/author\/joel\/"},"comment_info":0,"jetpack_sharing_enabled":true,"_links":{"self":[{"href":"https:\/\/rubisspa.ch\/en\/wp-json\/wp\/v2\/pages\/3046","targetHints":{"allow":["GET"]}}],"collection":[{"href":"https:\/\/rubisspa.ch\/en\/wp-json\/wp\/v2\/pages"}],"about":[{"href":"https:\/\/rubisspa.ch\/en\/wp-json\/wp\/v2\/types\/page"}],"author":[{"embeddable":true,"href":"https:\/\/rubisspa.ch\/en\/wp-json\/wp\/v2\/users\/1"}],"replies":[{"embeddable":true,"href":"https:\/\/rubisspa.ch\/en\/wp-json\/wp\/v2\/comments?post=3046"}],"version-history":[{"count":1,"href":"https:\/\/rubisspa.ch\/en\/wp-json\/wp\/v2\/pages\/3046\/revisions"}],"predecessor-version":[{"id":3047,"href":"https:\/\/rubisspa.ch\/en\/wp-json\/wp\/v2\/pages\/3046\/revisions\/3047"}],"wp:attachment":[{"href":"https:\/\/rubisspa.ch\/en\/wp-json\/wp\/v2\/media?parent=3046"}],"curies":[{"name":"wp","href":"https:\/\/api.w.org\/{rel}","templated":true}]}}