{"id":2812,"date":"2026-04-01T17:10:05","date_gmt":"2026-04-01T15:10:05","guid":{"rendered":"https:\/\/rubisspa.ch\/?page_id=2812"},"modified":"2026-04-07T18:00:52","modified_gmt":"2026-04-07T16:00:52","slug":"book-now-10","status":"publish","type":"page","link":"https:\/\/rubisspa.ch\/en\/book-now-10\/","title":{"rendered":"Book a massage"},"content":{"rendered":"<style>.kb-row-layout-id2811_ea5b31-89 > .kt-row-column-wrap{align-content:center;}:where(.kb-row-layout-id2811_ea5b31-89 > .kt-row-column-wrap) > .wp-block-kadence-column{justify-content:center;}.kb-row-layout-id2811_ea5b31-89 > .kt-row-column-wrap{column-gap:var(--global-kb-gap-md, 2rem);row-gap:var(--global-kb-gap-md, 2rem);max-width:var( --global-content-width, 1290px );padding-left:var(--global-content-edge-padding);padding-right:var(--global-content-edge-padding);padding-top:var(--global-kb-spacing-xl, 4rem);padding-bottom:var(--global-kb-spacing-sm, 1.5rem);grid-template-columns:minmax(0, 1fr);}.kb-row-layout-id2811_ea5b31-89 > .kt-row-layout-overlay{opacity:0.30;}@media all and (max-width: 1024px){.kb-row-layout-id2811_ea5b31-89 > .kt-row-column-wrap{grid-template-columns:minmax(0, 1fr);}}@media all and (max-width: 767px){.kb-row-layout-id2811_ea5b31-89 > .kt-row-column-wrap{grid-template-columns:minmax(0, 1fr);}}<\/style><div class=\"kb-row-layout-wrap kb-row-layout-id2811_ea5b31-89 aligncenter has-theme-palette8-background-color kt-row-has-bg wp-block-kadence-rowlayout\"><div class=\"kt-row-column-wrap kt-has-1-columns kt-row-layout-equal kt-tab-layout-inherit kt-mobile-layout-row kt-row-valign-middle kb-theme-content-width\">\n<style>.kadence-column2811_647264-f2 > .kt-inside-inner-col,.kadence-column2811_647264-f2 > .kt-inside-inner-col:before{border-top-left-radius:0px;border-top-right-radius:0px;border-bottom-right-radius:0px;border-bottom-left-radius:0px;}.kadence-column2811_647264-f2 > .kt-inside-inner-col{column-gap:var(--global-kb-gap-sm, 1rem);}.kadence-column2811_647264-f2 > .kt-inside-inner-col{flex-direction:column;}.kadence-column2811_647264-f2 > .kt-inside-inner-col > .aligncenter{width:100%;}.kadence-column2811_647264-f2 > .kt-inside-inner-col:before{opacity:0.3;}.kadence-column2811_647264-f2{position:relative;}@media all and (max-width: 1024px){.kadence-column2811_647264-f2 > .kt-inside-inner-col{flex-direction:column;justify-content:center;}}@media all and (max-width: 767px){.kadence-column2811_647264-f2 > .kt-inside-inner-col{flex-direction:column;justify-content:center;}}<\/style>\n<div class=\"wp-block-kadence-column kadence-column2811_647264-f2\"><div class=\"kt-inside-inner-col\"><style>.wp-block-kadence-advancedheading.kt-adv-heading2811_5a5e6d-46, .wp-block-kadence-advancedheading.kt-adv-heading2811_5a5e6d-46[data-kb-block=\"kb-adv-heading2811_5a5e6d-46\"]{padding-bottom:var(--global-kb-spacing-xs, 1rem);margin-bottom:0px;text-align:center;font-weight:400;font-style:normal;font-family:mrblaketon-pro;}.wp-block-kadence-advancedheading.kt-adv-heading2811_5a5e6d-46 mark.kt-highlight, .wp-block-kadence-advancedheading.kt-adv-heading2811_5a5e6d-46[data-kb-block=\"kb-adv-heading2811_5a5e6d-46\"] mark.kt-highlight{font-style:normal;color:#f76a0c;-webkit-box-decoration-break:clone;box-decoration-break:clone;padding-top:0px;padding-right:0px;padding-bottom:0px;padding-left:0px;}.wp-block-kadence-advancedheading.kt-adv-heading2811_5a5e6d-46 img.kb-inline-image, .wp-block-kadence-advancedheading.kt-adv-heading2811_5a5e6d-46[data-kb-block=\"kb-adv-heading2811_5a5e6d-46\"] img.kb-inline-image{width:150px;vertical-align:baseline;}<\/style>\n<h2 class=\"kt-adv-heading2811_5a5e6d-46 wp-block-kadence-advancedheading\" data-kb-block=\"kb-adv-heading2811_5a5e6d-46\">Our Massages<\/h2>\n\n\n<style>.wp-block-kadence-advancedheading.kt-adv-heading2811_8c80bd-99, .wp-block-kadence-advancedheading.kt-adv-heading2811_8c80bd-99[data-kb-block=\"kb-adv-heading2811_8c80bd-99\"]{padding-top:0px;padding-bottom:var(--global-kb-spacing-xxs, 0.5rem);margin-top:0px;margin-bottom:0px;text-align:center;font-size:var(--global-kb-font-size-lg, 2rem);font-weight:500;font-style:normal;font-family:swear-text;}.wp-block-kadence-advancedheading.kt-adv-heading2811_8c80bd-99 mark.kt-highlight, .wp-block-kadence-advancedheading.kt-adv-heading2811_8c80bd-99[data-kb-block=\"kb-adv-heading2811_8c80bd-99\"] mark.kt-highlight{font-style:normal;color:#f76a0c;-webkit-box-decoration-break:clone;box-decoration-break:clone;padding-top:0px;padding-right:0px;padding-bottom:0px;padding-left:0px;}.wp-block-kadence-advancedheading.kt-adv-heading2811_8c80bd-99 img.kb-inline-image, .wp-block-kadence-advancedheading.kt-adv-heading2811_8c80bd-99[data-kb-block=\"kb-adv-heading2811_8c80bd-99\"] img.kb-inline-image{width:150px;vertical-align:baseline;}@media all and (max-width: 1024px){.wp-block-kadence-advancedheading.kt-adv-heading2811_8c80bd-99, .wp-block-kadence-advancedheading.kt-adv-heading2811_8c80bd-99[data-kb-block=\"kb-adv-heading2811_8c80bd-99\"]{font-size:var(--global-kb-font-size-xxl, 4rem);line-height:68px;}}@media all and (max-width: 767px){.wp-block-kadence-advancedheading.kt-adv-heading2811_8c80bd-99, .wp-block-kadence-advancedheading.kt-adv-heading2811_8c80bd-99[data-kb-block=\"kb-adv-heading2811_8c80bd-99\"]{font-size:36px;line-height:50px;}}<\/style>\n<h4 class=\"kt-adv-heading2811_8c80bd-99 wp-block-kadence-advancedheading\" data-kb-block=\"kb-adv-heading2811_8c80bd-99\" data-aos=\"fade-up\" data-aos-duration=\"700\" data-aos-delay=\"50\">Book a massage<\/h4>\n\n\n<style>.wp-block-kadence-advancedheading.kt-adv-heading2811_c82ef2-4e, .wp-block-kadence-advancedheading.kt-adv-heading2811_c82ef2-4e[data-kb-block=\"kb-adv-heading2811_c82ef2-4e\"]{text-align:center;font-weight:500;font-style:normal;font-family:swear-text;}.wp-block-kadence-advancedheading.kt-adv-heading2811_c82ef2-4e mark.kt-highlight, .wp-block-kadence-advancedheading.kt-adv-heading2811_c82ef2-4e[data-kb-block=\"kb-adv-heading2811_c82ef2-4e\"] mark.kt-highlight{font-style:normal;color:#f76a0c;-webkit-box-decoration-break:clone;box-decoration-break:clone;padding-top:0px;padding-right:0px;padding-bottom:0px;padding-left:0px;}.wp-block-kadence-advancedheading.kt-adv-heading2811_c82ef2-4e img.kb-inline-image, .wp-block-kadence-advancedheading.kt-adv-heading2811_c82ef2-4e[data-kb-block=\"kb-adv-heading2811_c82ef2-4e\"] img.kb-inline-image{width:150px;vertical-align:baseline;}<\/style>\n<p class=\"kt-adv-heading2811_c82ef2-4e wp-block-kadence-advancedheading\" data-kb-block=\"kb-adv-heading2811_c82ef2-4e\">Discover all our massages here.<br\/><\/p>\n<\/div><\/div>\n\n<\/div><\/div><style>.kb-row-layout-id2811_896316-e9 > .kt-row-column-wrap{align-content:center;}:where(.kb-row-layout-id2811_896316-e9 > .kt-row-column-wrap) > .wp-block-kadence-column{justify-content:center;}.kb-row-layout-id2811_896316-e9 > .kt-row-column-wrap{column-gap:var(--global-kb-gap-md, 2rem);row-gap:var(--global-kb-gap-md, 2rem);max-width:var( --global-content-width, 1290px );padding-left:var(--global-content-edge-padding);padding-right:var(--global-content-edge-padding);padding-top:var(--global-kb-spacing-xs, 1rem);padding-bottom:var(--global-kb-spacing-3xl, 6.5rem);min-height:90vh;grid-template-columns:minmax(0, 1fr);}.kb-row-layout-id2811_896316-e9 > .kt-row-layout-overlay{opacity:0.30;}@media all and (max-width: 1024px){.kb-row-layout-id2811_896316-e9 > .kt-row-column-wrap{grid-template-columns:minmax(0, 1fr);}}@media all and (max-width: 767px){.kb-row-layout-id2811_896316-e9 > .kt-row-column-wrap{grid-template-columns:minmax(0, 1fr);}}<\/style><div class=\"kb-row-layout-wrap kb-row-layout-id2811_896316-e9 aligncenter has-theme-palette8-background-color kt-row-has-bg wp-block-kadence-rowlayout\"><div class=\"kt-row-column-wrap kt-has-1-columns kt-row-layout-equal kt-tab-layout-inherit kt-mobile-layout-row kt-row-valign-middle kb-theme-content-width\">\n<style>.kadence-column2811_4bcb55-b4 > .kt-inside-inner-col,.kadence-column2811_4bcb55-b4 > .kt-inside-inner-col:before{border-top-left-radius:0px;border-top-right-radius:0px;border-bottom-right-radius:0px;border-bottom-left-radius:0px;}.kadence-column2811_4bcb55-b4 > .kt-inside-inner-col{column-gap:var(--global-kb-gap-sm, 1rem);}.kadence-column2811_4bcb55-b4 > .kt-inside-inner-col{flex-direction:column;}.kadence-column2811_4bcb55-b4 > .kt-inside-inner-col > .aligncenter{width:100%;}.kadence-column2811_4bcb55-b4 > .kt-inside-inner-col:before{opacity:0.3;}.kadence-column2811_4bcb55-b4{position:relative;}@media all and (max-width: 1024px){.kadence-column2811_4bcb55-b4 > .kt-inside-inner-col{flex-direction:column;justify-content:center;}}@media all and (max-width: 767px){.kadence-column2811_4bcb55-b4 > .kt-inside-inner-col{flex-direction:column;justify-content:center;}}<\/style>\n<div class=\"wp-block-kadence-column kadence-column2811_4bcb55-b4\"><div class=\"kt-inside-inner-col\"><style>.wp-block-kadence-advancedgallery.kb-gallery-wrap-id-2811_3edf37-e7{padding-top:0px;padding-bottom:var(--global-kb-spacing-md, 2rem);}.wp-block-kadence-advancedgallery .kb-gallery-type-grid.kb-gallery-id-2811_3edf37-e7{margin:-15px;}.kb-gallery-type-grid.kb-gallery-id-2811_3edf37-e7 .kadence-blocks-gallery-item{padding:15px;}.kb-gallery-id-2811_3edf37-e7 .kadence-blocks-gallery-item .kb-gal-image-radius, .kb-gallery-id-2811_3edf37-e7 .kb-slide-item .kb-gal-image-radius img{border-radius:0px 0px 0px 0px;;}.wp-block-kadence-advancedgallery.kb-gallery-wrap-id-2811_3edf37-e7{overflow:visible;}.kb-gallery-id-2811_3edf37-e7 .kadence-blocks-gallery-item .kb-gal-image-radius, .kb-gallery-id-2811_3edf37-e7 .kadence-blocks-gallery-thumb-item .kb-gal-image-radius{box-shadow:0px 0px 0px 0px rgba(0, 0, 0, 0);}.kb-gallery-id-2811_3edf37-e7 .kadence-blocks-gallery-item:hover .kb-gal-image-radius, .kb-gallery-id-2811_3edf37-e7 .kadence-blocks-gallery-thumb-item:hover .kb-gal-image-radius{box-shadow:0px 0px 60px -15px var(--global-palette7, #EDF2F7);}.kb-gallery-id-2811_3edf37-e7 .kadence-blocks-gallery-item .kadence-blocks-gallery-item-inner .kadence-blocks-gallery-item__caption{font-size:17px;color:var(--global-palette4, #2D3748);}.kb-gallery-caption-style-cover-hover.kb-gallery-id-2811_3edf37-e7 .kadence-blocks-gallery-item .kadence-blocks-gallery-item-inner .kadence-blocks-gallery-item__caption, .kb-gallery-caption-style-below.kb-gallery-id-2811_3edf37-e7 .kadence-blocks-gallery-item .kadence-blocks-gallery-item-inner .kadence-blocks-gallery-item__caption{background:var(--global-palette9, #ffffff);}<\/style><div class=\"kb-gallery-wrap-id-2811_3edf37-e7 alignnone wp-block-kadence-advancedgallery\"><ul class=\"kb-gallery-ul kb-gallery-non-static kb-gallery-type-grid kb-gallery-id-2811_3edf37-e7 kb-gallery-caption-style-below kb-gallery-filter-none\" data-image-filter=\"none\" data-item-selector=\".kadence-blocks-gallery-item\" data-lightbox-caption=\"true\" data-columns-xxl=\"3\" data-columns-xl=\"3\" data-columns-md=\"3\" data-columns-sm=\"2\" data-columns-xs=\"1\" data-columns-ss=\"1\"><li class=\"kadence-blocks-gallery-item\"><div class=\"kadence-blocks-gallery-item-inner\"><figure class=\"kb-gallery-figure kb-gallery-item-has-link kadence-blocks-gallery-item-has-caption\"><a href=\"https:\/\/rubisspa.ch\/massage-rituel-calme-profond\/\" class=\"kb-gallery-item-link\"  ><div class=\"kb-gal-image-radius\"><div class=\"kb-gallery-image-contain kadence-blocks-gallery-intrinsic kb-gallery-image-ratio-square kb-has-image-ratio-square\" ><img loading=\"lazy\" decoding=\"async\" src=\"https:\/\/rubisspa.ch\/wp-content\/uploads\/2026\/02\/Rubis-SPA-vevey-massage-calme.profond.jpg\" width=\"700\" height=\"700\" alt=\"\" data-full-image=\"https:\/\/rubisspa.ch\/wp-content\/uploads\/2026\/02\/Rubis-SPA-vevey-massage-calme.profond.jpg\" data-light-image=\"https:\/\/rubisspa.ch\/wp-content\/uploads\/2026\/02\/Rubis-SPA-vevey-massage-calme.profond.jpg\" data-id=\"2350\" class=\"wp-image-2350\" srcset=\"https:\/\/rubisspa.ch\/wp-content\/uploads\/2026\/02\/Rubis-SPA-vevey-massage-calme.profond.jpg 700w, https:\/\/rubisspa.ch\/wp-content\/uploads\/2026\/02\/Rubis-SPA-vevey-massage-calme.profond-300x300.jpg 300w, https:\/\/rubisspa.ch\/wp-content\/uploads\/2026\/02\/Rubis-SPA-vevey-massage-calme.profond-150x150.jpg 150w, https:\/\/rubisspa.ch\/wp-content\/uploads\/2026\/02\/Rubis-SPA-vevey-massage-calme.profond-600x600.jpg 600w, https:\/\/rubisspa.ch\/wp-content\/uploads\/2026\/02\/Rubis-SPA-vevey-massage-calme.profond-100x100.jpg 100w\" sizes=\"auto, (max-width: 700px) 100vw, 700px\" \/><\/div><\/div><div class=\"kadence-blocks-gallery-item__caption\">Deep Calm Ritual Massage<\/div><\/a><\/figure><\/div><\/li><li class=\"kadence-blocks-gallery-item\"><div class=\"kadence-blocks-gallery-item-inner\"><figure class=\"kb-gallery-figure kb-gallery-item-has-link kadence-blocks-gallery-item-has-caption\"><a href=\"https:\/\/rubisspa.ch\/massage-rituel-cocon-de-chaleur\/\" class=\"kb-gallery-item-link\"  ><div class=\"kb-gal-image-radius\"><div class=\"kb-gallery-image-contain kadence-blocks-gallery-intrinsic kb-gallery-image-ratio-square kb-has-image-ratio-square\" ><img loading=\"lazy\" decoding=\"async\" src=\"https:\/\/rubisspa.ch\/wp-content\/uploads\/2026\/04\/MASSAGEBOUGIE.jpg\" width=\"1303\" height=\"2318\" alt=\"\" data-full-image=\"https:\/\/rubisspa.ch\/wp-content\/uploads\/2026\/04\/MASSAGEBOUGIE.jpg\" data-light-image=\"https:\/\/rubisspa.ch\/wp-content\/uploads\/2026\/04\/MASSAGEBOUGIE.jpg\" data-id=\"3001\" class=\"wp-image-3001\" srcset=\"https:\/\/rubisspa.ch\/wp-content\/uploads\/2026\/04\/MASSAGEBOUGIE.jpg 1303w, https:\/\/rubisspa.ch\/wp-content\/uploads\/2026\/04\/MASSAGEBOUGIE-169x300.jpg 169w, https:\/\/rubisspa.ch\/wp-content\/uploads\/2026\/04\/MASSAGEBOUGIE-576x1024.jpg 576w, https:\/\/rubisspa.ch\/wp-content\/uploads\/2026\/04\/MASSAGEBOUGIE-768x1366.jpg 768w, https:\/\/rubisspa.ch\/wp-content\/uploads\/2026\/04\/MASSAGEBOUGIE-863x1536.jpg 863w, https:\/\/rubisspa.ch\/wp-content\/uploads\/2026\/04\/MASSAGEBOUGIE-1151x2048.jpg 1151w, https:\/\/rubisspa.ch\/wp-content\/uploads\/2026\/04\/MASSAGEBOUGIE-600x1067.jpg 600w\" sizes=\"auto, (max-width: 1303px) 100vw, 1303px\" \/><\/div><\/div><div class=\"kadence-blocks-gallery-item__caption\">Warmth Cocoon Ritual Massage<\/div><\/a><\/figure><\/div><\/li><li class=\"kadence-blocks-gallery-item\"><div class=\"kadence-blocks-gallery-item-inner\"><figure class=\"kb-gallery-figure kb-gallery-item-has-link kadence-blocks-gallery-item-has-caption\"><a href=\"https:\/\/rubisspa.ch\/massage-rituel-douceur-et-eveil\/\" class=\"kb-gallery-item-link\"  ><div class=\"kb-gal-image-radius\"><div class=\"kb-gallery-image-contain kadence-blocks-gallery-intrinsic kb-gallery-image-ratio-square kb-has-image-ratio-square\" ><img loading=\"lazy\" decoding=\"async\" src=\"https:\/\/rubisspa.ch\/wp-content\/uploads\/2026\/02\/Rubis-SPA-vevey-massage-rituel-soin-eveil-visage.jpg\" width=\"700\" height=\"700\" alt=\"\" data-full-image=\"https:\/\/rubisspa.ch\/wp-content\/uploads\/2026\/02\/Rubis-SPA-vevey-massage-rituel-soin-eveil-visage.jpg\" data-light-image=\"https:\/\/rubisspa.ch\/wp-content\/uploads\/2026\/02\/Rubis-SPA-vevey-massage-rituel-soin-eveil-visage.jpg\" data-id=\"2351\" class=\"wp-image-2351\" srcset=\"https:\/\/rubisspa.ch\/wp-content\/uploads\/2026\/02\/Rubis-SPA-vevey-massage-rituel-soin-eveil-visage.jpg 700w, https:\/\/rubisspa.ch\/wp-content\/uploads\/2026\/02\/Rubis-SPA-vevey-massage-rituel-soin-eveil-visage-300x300.jpg 300w, https:\/\/rubisspa.ch\/wp-content\/uploads\/2026\/02\/Rubis-SPA-vevey-massage-rituel-soin-eveil-visage-150x150.jpg 150w, https:\/\/rubisspa.ch\/wp-content\/uploads\/2026\/02\/Rubis-SPA-vevey-massage-rituel-soin-eveil-visage-600x600.jpg 600w, https:\/\/rubisspa.ch\/wp-content\/uploads\/2026\/02\/Rubis-SPA-vevey-massage-rituel-soin-eveil-visage-100x100.jpg 100w\" sizes=\"auto, (max-width: 700px) 100vw, 700px\" \/><\/div><\/div><div class=\"kadence-blocks-gallery-item__caption\">Gentleness and Awakening Ritual Massage<\/div><\/a><\/figure><\/div><\/li><li class=\"kadence-blocks-gallery-item\"><div class=\"kadence-blocks-gallery-item-inner\"><figure class=\"kb-gallery-figure kb-gallery-item-has-link kadence-blocks-gallery-item-has-caption\"><a href=\"https:\/\/rubisspa.ch\/massage-rituel-equilibre-musculaire\/\" class=\"kb-gallery-item-link\"  ><div class=\"kb-gal-image-radius\"><div class=\"kb-gallery-image-contain kadence-blocks-gallery-intrinsic kb-gallery-image-ratio-square kb-has-image-ratio-square\" ><img loading=\"lazy\" decoding=\"async\" src=\"https:\/\/rubisspa.ch\/wp-content\/uploads\/2026\/02\/Rubis-SPA-vevey-massage-corps.jpg\" width=\"700\" height=\"700\" alt=\"\" data-full-image=\"https:\/\/rubisspa.ch\/wp-content\/uploads\/2026\/02\/Rubis-SPA-vevey-massage-corps.jpg\" data-light-image=\"https:\/\/rubisspa.ch\/wp-content\/uploads\/2026\/02\/Rubis-SPA-vevey-massage-corps.jpg\" data-id=\"1824\" class=\"wp-image-1824\" srcset=\"https:\/\/rubisspa.ch\/wp-content\/uploads\/2026\/02\/Rubis-SPA-vevey-massage-corps.jpg 700w, https:\/\/rubisspa.ch\/wp-content\/uploads\/2026\/02\/Rubis-SPA-vevey-massage-corps-300x300.jpg 300w, https:\/\/rubisspa.ch\/wp-content\/uploads\/2026\/02\/Rubis-SPA-vevey-massage-corps-150x150.jpg 150w, https:\/\/rubisspa.ch\/wp-content\/uploads\/2026\/02\/Rubis-SPA-vevey-massage-corps-600x600.jpg 600w, https:\/\/rubisspa.ch\/wp-content\/uploads\/2026\/02\/Rubis-SPA-vevey-massage-corps-100x100.jpg 100w\" sizes=\"auto, (max-width: 700px) 100vw, 700px\" \/><\/div><\/div><div class=\"kadence-blocks-gallery-item__caption\">Muscle Balance Ritual Massage<\/div><\/a><\/figure><\/div><\/li><li class=\"kadence-blocks-gallery-item\"><div class=\"kadence-blocks-gallery-item-inner\"><figure class=\"kb-gallery-figure kb-gallery-item-has-link kadence-blocks-gallery-item-has-caption\"><a href=\"https:\/\/rubisspa.ch\/massage-rituel-sagesse-des-pochons\/\" class=\"kb-gallery-item-link\"  ><div class=\"kb-gal-image-radius\"><div class=\"kb-gallery-image-contain kadence-blocks-gallery-intrinsic kb-gallery-image-ratio-square kb-has-image-ratio-square\" ><img loading=\"lazy\" decoding=\"async\" src=\"https:\/\/rubisspa.ch\/wp-content\/uploads\/2026\/02\/Rubis-SPA-vevey-massage-pochons.jpg\" width=\"700\" height=\"700\" alt=\"\" data-full-image=\"https:\/\/rubisspa.ch\/wp-content\/uploads\/2026\/02\/Rubis-SPA-vevey-massage-pochons.jpg\" data-light-image=\"https:\/\/rubisspa.ch\/wp-content\/uploads\/2026\/02\/Rubis-SPA-vevey-massage-pochons.jpg\" data-id=\"2313\" class=\"wp-image-2313\" srcset=\"https:\/\/rubisspa.ch\/wp-content\/uploads\/2026\/02\/Rubis-SPA-vevey-massage-pochons.jpg 700w, https:\/\/rubisspa.ch\/wp-content\/uploads\/2026\/02\/Rubis-SPA-vevey-massage-pochons-300x300.jpg 300w, https:\/\/rubisspa.ch\/wp-content\/uploads\/2026\/02\/Rubis-SPA-vevey-massage-pochons-150x150.jpg 150w, https:\/\/rubisspa.ch\/wp-content\/uploads\/2026\/02\/Rubis-SPA-vevey-massage-pochons-600x600.jpg 600w, https:\/\/rubisspa.ch\/wp-content\/uploads\/2026\/02\/Rubis-SPA-vevey-massage-pochons-100x100.jpg 100w\" sizes=\"auto, (max-width: 700px) 100vw, 700px\" \/><\/div><\/div><div class=\"kadence-blocks-gallery-item__caption\">Herbal Poultice Wisdom Ritual Massage<\/div><\/a><\/figure><\/div><\/li><\/ul><\/div><\/div><\/div>\n\n<\/div><\/div>\n<p><\/p>\n","protected":false},"excerpt":{"rendered":"<p>Our Massages Book a massage Discover all our massages here.<\/p>\n","protected":false},"author":1,"featured_media":0,"parent":0,"menu_order":0,"comment_status":"closed","ping_status":"closed","template":"","meta":{"_kad_blocks_custom_css":"","_kad_blocks_head_custom_js":"","_kad_blocks_body_custom_js":"","_kad_blocks_footer_custom_js":"","_monsterinsights_skip_tracking":false,"_monsterinsights_sitenote_active":false,"_monsterinsights_sitenote_note":"","_monsterinsights_sitenote_category":0,"_kad_post_transparent":"","_kad_post_title":"","_kad_post_layout":"fullwidth","_kad_post_sidebar_id":"","_kad_post_content_style":"unboxed","_kad_post_vertical_padding":"","_kad_post_feature":"","_kad_post_feature_position":"","_kad_post_header":false,"_kad_post_footer":false,"_kad_post_classname":"","footnotes":""},"class_list":["post-2812","page","type-page","status-publish","hentry"],"yoast_head":"<!-- This site is optimized with the Yoast SEO plugin v27.3 - https:\/\/yoast.com\/product\/yoast-seo-wordpress\/ -->\n<title>Book a massage - Rubis Spa Switzerland<\/title>\n<meta name=\"robots\" content=\"index, follow, max-snippet:-1, max-image-preview:large, max-video-preview:-1\" \/>\n<link rel=\"canonical\" href=\"https:\/\/rubisspa.ch\/en\/book-now-10\/\" \/>\n<meta property=\"og:locale\" content=\"en_US\" \/>\n<meta property=\"og:type\" content=\"article\" \/>\n<meta property=\"og:title\" content=\"Book a massage - Rubis Spa Switzerland\" \/>\n<meta property=\"og:description\" content=\"Our Massages Book a massage Discover all our massages here.\" \/>\n<meta property=\"og:url\" content=\"https:\/\/rubisspa.ch\/en\/book-now-10\/\" \/>\n<meta property=\"og:site_name\" content=\"Rubis Spa Switzerland\" \/>\n<meta property=\"article:modified_time\" content=\"2026-04-07T16:00:52+00:00\" \/>\n<meta name=\"twitter:card\" content=\"summary_large_image\" \/>\n<meta name=\"twitter:label1\" content=\"Est. reading time\" \/>\n\t<meta name=\"twitter:data1\" content=\"1 minute\" \/>\n<script type=\"application\/ld+json\" class=\"yoast-schema-graph\">{\"@context\":\"https:\\\/\\\/schema.org\",\"@graph\":[{\"@type\":\"WebPage\",\"@id\":\"https:\\\/\\\/rubisspa.ch\\\/en\\\/book-now-10\\\/\",\"url\":\"https:\\\/\\\/rubisspa.ch\\\/en\\\/book-now-10\\\/\",\"name\":\"Book a massage - Rubis Spa Switzerland\",\"isPartOf\":{\"@id\":\"https:\\\/\\\/rubisspa.ch\\\/en\\\/#website\"},\"datePublished\":\"2026-04-01T15:10:05+00:00\",\"dateModified\":\"2026-04-07T16:00:52+00:00\",\"breadcrumb\":{\"@id\":\"https:\\\/\\\/rubisspa.ch\\\/en\\\/book-now-10\\\/#breadcrumb\"},\"inLanguage\":\"en-US\",\"potentialAction\":[{\"@type\":\"ReadAction\",\"target\":[\"https:\\\/\\\/rubisspa.ch\\\/en\\\/book-now-10\\\/\"]}]},{\"@type\":\"BreadcrumbList\",\"@id\":\"https:\\\/\\\/rubisspa.ch\\\/en\\\/book-now-10\\\/#breadcrumb\",\"itemListElement\":[{\"@type\":\"ListItem\",\"position\":1,\"name\":\"Accueil\",\"item\":\"https:\\\/\\\/rubisspa.ch\\\/en\\\/\"},{\"@type\":\"ListItem\",\"position\":2,\"name\":\"Book a massage\"}]},{\"@type\":\"WebSite\",\"@id\":\"https:\\\/\\\/rubisspa.ch\\\/en\\\/#website\",\"url\":\"https:\\\/\\\/rubisspa.ch\\\/en\\\/\",\"name\":\"Rubis Spa Corseaux\",\"description\":\"Votre \u00e9crin d&#039;\u00e9vasion face au L\u00e9man\",\"publisher\":{\"@id\":\"https:\\\/\\\/rubisspa.ch\\\/en\\\/#organization\"},\"potentialAction\":[{\"@type\":\"SearchAction\",\"target\":{\"@type\":\"EntryPoint\",\"urlTemplate\":\"https:\\\/\\\/rubisspa.ch\\\/en\\\/?s={search_term_string}\"},\"query-input\":{\"@type\":\"PropertyValueSpecification\",\"valueRequired\":true,\"valueName\":\"search_term_string\"}}],\"inLanguage\":\"en-US\"},{\"@type\":\"Organization\",\"@id\":\"https:\\\/\\\/rubisspa.ch\\\/en\\\/#organization\",\"name\":\"Rubis Spa Corseaux\",\"url\":\"https:\\\/\\\/rubisspa.ch\\\/en\\\/\",\"logo\":{\"@type\":\"ImageObject\",\"inLanguage\":\"en-US\",\"@id\":\"https:\\\/\\\/rubisspa.ch\\\/en\\\/#\\\/schema\\\/logo\\\/image\\\/\",\"url\":\"https:\\\/\\\/rubisspa.ch\\\/wp-content\\\/uploads\\\/2025\\\/03\\\/Rubis_Spa_Corseaux_Logo.png\",\"contentUrl\":\"https:\\\/\\\/rubisspa.ch\\\/wp-content\\\/uploads\\\/2025\\\/03\\\/Rubis_Spa_Corseaux_Logo.png\",\"width\":558,\"height\":374,\"caption\":\"Rubis Spa Corseaux\"},\"image\":{\"@id\":\"https:\\\/\\\/rubisspa.ch\\\/en\\\/#\\\/schema\\\/logo\\\/image\\\/\"}}]}<\/script>\n<!-- \/ Yoast SEO plugin. -->","yoast_head_json":{"title":"Book a massage - Rubis Spa Switzerland","robots":{"index":"index","follow":"follow","max-snippet":"max-snippet:-1","max-image-preview":"max-image-preview:large","max-video-preview":"max-video-preview:-1"},"canonical":"https:\/\/rubisspa.ch\/en\/book-now-10\/","og_locale":"en_US","og_type":"article","og_title":"Book a massage - Rubis Spa Switzerland","og_description":"Our Massages Book a massage Discover all our massages here.","og_url":"https:\/\/rubisspa.ch\/en\/book-now-10\/","og_site_name":"Rubis Spa Switzerland","article_modified_time":"2026-04-07T16:00:52+00:00","twitter_card":"summary_large_image","twitter_misc":{"Est. reading time":"1 minute"},"schema":{"@context":"https:\/\/schema.org","@graph":[{"@type":"WebPage","@id":"https:\/\/rubisspa.ch\/en\/book-now-10\/","url":"https:\/\/rubisspa.ch\/en\/book-now-10\/","name":"Book a massage - Rubis Spa Switzerland","isPartOf":{"@id":"https:\/\/rubisspa.ch\/en\/#website"},"datePublished":"2026-04-01T15:10:05+00:00","dateModified":"2026-04-07T16:00:52+00:00","breadcrumb":{"@id":"https:\/\/rubisspa.ch\/en\/book-now-10\/#breadcrumb"},"inLanguage":"en-US","potentialAction":[{"@type":"ReadAction","target":["https:\/\/rubisspa.ch\/en\/book-now-10\/"]}]},{"@type":"BreadcrumbList","@id":"https:\/\/rubisspa.ch\/en\/book-now-10\/#breadcrumb","itemListElement":[{"@type":"ListItem","position":1,"name":"Accueil","item":"https:\/\/rubisspa.ch\/en\/"},{"@type":"ListItem","position":2,"name":"Book a massage"}]},{"@type":"WebSite","@id":"https:\/\/rubisspa.ch\/en\/#website","url":"https:\/\/rubisspa.ch\/en\/","name":"Rubis Spa Corseaux","description":"Votre \u00e9crin d&#039;\u00e9vasion face au L\u00e9man","publisher":{"@id":"https:\/\/rubisspa.ch\/en\/#organization"},"potentialAction":[{"@type":"SearchAction","target":{"@type":"EntryPoint","urlTemplate":"https:\/\/rubisspa.ch\/en\/?s={search_term_string}"},"query-input":{"@type":"PropertyValueSpecification","valueRequired":true,"valueName":"search_term_string"}}],"inLanguage":"en-US"},{"@type":"Organization","@id":"https:\/\/rubisspa.ch\/en\/#organization","name":"Rubis Spa Corseaux","url":"https:\/\/rubisspa.ch\/en\/","logo":{"@type":"ImageObject","inLanguage":"en-US","@id":"https:\/\/rubisspa.ch\/en\/#\/schema\/logo\/image\/","url":"https:\/\/rubisspa.ch\/wp-content\/uploads\/2025\/03\/Rubis_Spa_Corseaux_Logo.png","contentUrl":"https:\/\/rubisspa.ch\/wp-content\/uploads\/2025\/03\/Rubis_Spa_Corseaux_Logo.png","width":558,"height":374,"caption":"Rubis Spa Corseaux"},"image":{"@id":"https:\/\/rubisspa.ch\/en\/#\/schema\/logo\/image\/"}}]}},"taxonomy_info":[],"featured_image_src_large":false,"author_info":{"display_name":"joel","author_link":"https:\/\/rubisspa.ch\/en\/author\/joel\/"},"comment_info":0,"jetpack_sharing_enabled":true,"_links":{"self":[{"href":"https:\/\/rubisspa.ch\/en\/wp-json\/wp\/v2\/pages\/2812","targetHints":{"allow":["GET"]}}],"collection":[{"href":"https:\/\/rubisspa.ch\/en\/wp-json\/wp\/v2\/pages"}],"about":[{"href":"https:\/\/rubisspa.ch\/en\/wp-json\/wp\/v2\/types\/page"}],"author":[{"embeddable":true,"href":"https:\/\/rubisspa.ch\/en\/wp-json\/wp\/v2\/users\/1"}],"replies":[{"embeddable":true,"href":"https:\/\/rubisspa.ch\/en\/wp-json\/wp\/v2\/comments?post=2812"}],"version-history":[{"count":4,"href":"https:\/\/rubisspa.ch\/en\/wp-json\/wp\/v2\/pages\/2812\/revisions"}],"predecessor-version":[{"id":3004,"href":"https:\/\/rubisspa.ch\/en\/wp-json\/wp\/v2\/pages\/2812\/revisions\/3004"}],"wp:attachment":[{"href":"https:\/\/rubisspa.ch\/en\/wp-json\/wp\/v2\/media?parent=2812"}],"curies":[{"name":"wp","href":"https:\/\/api.w.org\/{rel}","templated":true}]}}