{"id":2683,"date":"2026-04-01T14:04:46","date_gmt":"2026-04-01T12:04:46","guid":{"rendered":"https:\/\/rubisspa.ch\/?page_id=2683"},"modified":"2026-04-02T13:16:50","modified_gmt":"2026-04-02T11:16:50","slug":"book-now-6","status":"publish","type":"page","link":"https:\/\/rubisspa.ch\/en\/book-now-6\/","title":{"rendered":"Book the Jacuzzi"},"content":{"rendered":"<style>.kb-row-layout-id2682_6edd5f-b6 > .kt-row-column-wrap{align-content:center;}:where(.kb-row-layout-id2682_6edd5f-b6 > .kt-row-column-wrap) > .wp-block-kadence-column{justify-content:center;}.kb-row-layout-id2682_6edd5f-b6 > .kt-row-column-wrap{column-gap:var(--global-kb-gap-md, 2rem);row-gap:var(--global-kb-gap-md, 2rem);max-width:var( --global-content-width, 1290px );padding-left:var(--global-content-edge-padding);padding-right:var(--global-content-edge-padding);padding-top:var(--global-kb-spacing-xl, 4rem);padding-bottom:var(--global-kb-spacing-sm, 1.5rem);grid-template-columns:minmax(0, 1fr);}.kb-row-layout-id2682_6edd5f-b6 > .kt-row-layout-overlay{opacity:0.30;}@media all and (max-width: 1024px){.kb-row-layout-id2682_6edd5f-b6 > .kt-row-column-wrap{grid-template-columns:minmax(0, 1fr);}}@media all and (max-width: 767px){.kb-row-layout-id2682_6edd5f-b6 > .kt-row-column-wrap{grid-template-columns:minmax(0, 1fr);}}<\/style><div class=\"kb-row-layout-wrap kb-row-layout-id2682_6edd5f-b6 aligncenter has-theme-palette8-background-color kt-row-has-bg wp-block-kadence-rowlayout\"><div class=\"kt-row-column-wrap kt-has-1-columns kt-row-layout-equal kt-tab-layout-inherit kt-mobile-layout-row kt-row-valign-middle kb-theme-content-width\">\n<style>.kadence-column2682_5adf60-23 > .kt-inside-inner-col,.kadence-column2682_5adf60-23 > .kt-inside-inner-col:before{border-top-left-radius:0px;border-top-right-radius:0px;border-bottom-right-radius:0px;border-bottom-left-radius:0px;}.kadence-column2682_5adf60-23 > .kt-inside-inner-col{column-gap:var(--global-kb-gap-sm, 1rem);}.kadence-column2682_5adf60-23 > .kt-inside-inner-col{flex-direction:column;}.kadence-column2682_5adf60-23 > .kt-inside-inner-col > .aligncenter{width:100%;}.kadence-column2682_5adf60-23 > .kt-inside-inner-col:before{opacity:0.3;}.kadence-column2682_5adf60-23{position:relative;}@media all and (max-width: 1024px){.kadence-column2682_5adf60-23 > .kt-inside-inner-col{flex-direction:column;justify-content:center;}}@media all and (max-width: 767px){.kadence-column2682_5adf60-23 > .kt-inside-inner-col{flex-direction:column;justify-content:center;}}<\/style>\n<div class=\"wp-block-kadence-column kadence-column2682_5adf60-23\"><div class=\"kt-inside-inner-col\"><style>.wp-block-kadence-advancedheading.kt-adv-heading2682_20bd32-c1, .wp-block-kadence-advancedheading.kt-adv-heading2682_20bd32-c1[data-kb-block=\"kb-adv-heading2682_20bd32-c1\"]{padding-bottom:var(--global-kb-spacing-xs, 1rem);margin-bottom:0px;text-align:center;font-weight:400;font-style:normal;font-family:mrblaketon-pro;}.wp-block-kadence-advancedheading.kt-adv-heading2682_20bd32-c1 mark.kt-highlight, .wp-block-kadence-advancedheading.kt-adv-heading2682_20bd32-c1[data-kb-block=\"kb-adv-heading2682_20bd32-c1\"] mark.kt-highlight{font-style:normal;color:#f76a0c;-webkit-box-decoration-break:clone;box-decoration-break:clone;padding-top:0px;padding-right:0px;padding-bottom:0px;padding-left:0px;}.wp-block-kadence-advancedheading.kt-adv-heading2682_20bd32-c1 img.kb-inline-image, .wp-block-kadence-advancedheading.kt-adv-heading2682_20bd32-c1[data-kb-block=\"kb-adv-heading2682_20bd32-c1\"] img.kb-inline-image{width:150px;vertical-align:baseline;}<\/style>\n<h2 class=\"kt-adv-heading2682_20bd32-c1 wp-block-kadence-advancedheading\" data-kb-block=\"kb-adv-heading2682_20bd32-c1\">The Jacuzzi Interlude<\/h2>\n\n\n<style>.wp-block-kadence-advancedheading.kt-adv-heading2682_24f813-af, .wp-block-kadence-advancedheading.kt-adv-heading2682_24f813-af[data-kb-block=\"kb-adv-heading2682_24f813-af\"]{padding-top:0px;padding-bottom:var(--global-kb-spacing-xxs, 0.5rem);margin-top:0px;margin-bottom:0px;text-align:center;font-size:var(--global-kb-font-size-lg, 2rem);font-weight:500;font-style:normal;font-family:swear-text;}.wp-block-kadence-advancedheading.kt-adv-heading2682_24f813-af mark.kt-highlight, .wp-block-kadence-advancedheading.kt-adv-heading2682_24f813-af[data-kb-block=\"kb-adv-heading2682_24f813-af\"] mark.kt-highlight{font-style:normal;color:#f76a0c;-webkit-box-decoration-break:clone;box-decoration-break:clone;padding-top:0px;padding-right:0px;padding-bottom:0px;padding-left:0px;}.wp-block-kadence-advancedheading.kt-adv-heading2682_24f813-af img.kb-inline-image, .wp-block-kadence-advancedheading.kt-adv-heading2682_24f813-af[data-kb-block=\"kb-adv-heading2682_24f813-af\"] img.kb-inline-image{width:150px;vertical-align:baseline;}@media all and (max-width: 1024px){.wp-block-kadence-advancedheading.kt-adv-heading2682_24f813-af, .wp-block-kadence-advancedheading.kt-adv-heading2682_24f813-af[data-kb-block=\"kb-adv-heading2682_24f813-af\"]{font-size:var(--global-kb-font-size-xxl, 4rem);line-height:68px;}}@media all and (max-width: 767px){.wp-block-kadence-advancedheading.kt-adv-heading2682_24f813-af, .wp-block-kadence-advancedheading.kt-adv-heading2682_24f813-af[data-kb-block=\"kb-adv-heading2682_24f813-af\"]{font-size:36px;line-height:50px;}}<\/style>\n<h4 class=\"kt-adv-heading2682_24f813-af wp-block-kadence-advancedheading\" data-kb-block=\"kb-adv-heading2682_24f813-af\" data-aos=\"fade-up\" data-aos-duration=\"700\" data-aos-delay=\"50\">Book the Jacuzzi<\/h4>\n\n\n<style>.wp-block-kadence-advancedheading.kt-adv-heading2682_b48f8d-14, .wp-block-kadence-advancedheading.kt-adv-heading2682_b48f8d-14[data-kb-block=\"kb-adv-heading2682_b48f8d-14\"]{text-align:center;font-weight:500;font-style:normal;font-family:swear-text;}.wp-block-kadence-advancedheading.kt-adv-heading2682_b48f8d-14 mark.kt-highlight, .wp-block-kadence-advancedheading.kt-adv-heading2682_b48f8d-14[data-kb-block=\"kb-adv-heading2682_b48f8d-14\"] mark.kt-highlight{font-style:normal;color:#f76a0c;-webkit-box-decoration-break:clone;box-decoration-break:clone;padding-top:0px;padding-right:0px;padding-bottom:0px;padding-left:0px;}.wp-block-kadence-advancedheading.kt-adv-heading2682_b48f8d-14 img.kb-inline-image, .wp-block-kadence-advancedheading.kt-adv-heading2682_b48f8d-14[data-kb-block=\"kb-adv-heading2682_b48f8d-14\"] img.kb-inline-image{width:150px;vertical-align:baseline;}<\/style>\n<p class=\"kt-adv-heading2682_b48f8d-14 wp-block-kadence-advancedheading\" data-kb-block=\"kb-adv-heading2682_b48f8d-14\">Discover our bubbles of serenity here.<br\/><\/p>\n<\/div><\/div>\n\n<\/div><\/div><style>.kb-row-layout-id2682_6f32f7-5f > .kt-row-column-wrap{align-content:start;}:where(.kb-row-layout-id2682_6f32f7-5f > .kt-row-column-wrap) > .wp-block-kadence-column{justify-content:start;}.kb-row-layout-id2682_6f32f7-5f > .kt-row-column-wrap{column-gap:var(--global-kb-gap-md, 2rem);row-gap:var(--global-kb-gap-md, 2rem);max-width:var( --global-content-width, 1290px );padding-left:var(--global-content-edge-padding);padding-right:var(--global-content-edge-padding);padding-top:var(--global-kb-spacing-xs, 1rem);padding-bottom:var(--global-kb-spacing-3xl, 6.5rem);min-height:90vh;grid-template-columns:minmax(0, 1fr);}.kb-row-layout-id2682_6f32f7-5f > .kt-row-layout-overlay{opacity:0.30;}@media all and (max-width: 1024px){.kb-row-layout-id2682_6f32f7-5f > .kt-row-column-wrap{grid-template-columns:minmax(0, 1fr);}}@media all and (max-width: 767px){.kb-row-layout-id2682_6f32f7-5f > .kt-row-column-wrap{grid-template-columns:minmax(0, 1fr);}}<\/style><div class=\"kb-row-layout-wrap kb-row-layout-id2682_6f32f7-5f aligncenter has-theme-palette8-background-color kt-row-has-bg wp-block-kadence-rowlayout\"><div class=\"kt-row-column-wrap kt-has-1-columns kt-row-layout-equal kt-tab-layout-inherit kt-mobile-layout-row kt-row-valign-top kb-theme-content-width\">\n<style>.kadence-column2682_44c3db-8b > .kt-inside-inner-col,.kadence-column2682_44c3db-8b > .kt-inside-inner-col:before{border-top-left-radius:0px;border-top-right-radius:0px;border-bottom-right-radius:0px;border-bottom-left-radius:0px;}.kadence-column2682_44c3db-8b > .kt-inside-inner-col{column-gap:var(--global-kb-gap-sm, 1rem);}.kadence-column2682_44c3db-8b > .kt-inside-inner-col{flex-direction:column;}.kadence-column2682_44c3db-8b > .kt-inside-inner-col > .aligncenter{width:100%;}.kadence-column2682_44c3db-8b > .kt-inside-inner-col:before{opacity:0.3;}.kadence-column2682_44c3db-8b{position:relative;}@media all and (max-width: 1024px){.kadence-column2682_44c3db-8b > .kt-inside-inner-col{flex-direction:column;justify-content:center;}}@media all and (max-width: 767px){.kadence-column2682_44c3db-8b > .kt-inside-inner-col{flex-direction:column;justify-content:center;}}<\/style>\n<div class=\"wp-block-kadence-column kadence-column2682_44c3db-8b\"><div class=\"kt-inside-inner-col\"><style>.wp-block-kadence-advancedgallery.kb-gallery-wrap-id-2682_2adc5c-a6{padding-top:0px;padding-bottom:var(--global-kb-spacing-md, 2rem);}.wp-block-kadence-advancedgallery .kb-gallery-type-grid.kb-gallery-id-2682_2adc5c-a6{margin:-15px;}.kb-gallery-type-grid.kb-gallery-id-2682_2adc5c-a6 .kadence-blocks-gallery-item{padding:15px;}.kb-gallery-id-2682_2adc5c-a6 .kadence-blocks-gallery-item .kb-gal-image-radius, .kb-gallery-id-2682_2adc5c-a6 .kb-slide-item .kb-gal-image-radius img{border-radius:0px 0px 0px 0px;;}.wp-block-kadence-advancedgallery.kb-gallery-wrap-id-2682_2adc5c-a6{overflow:visible;}.kb-gallery-id-2682_2adc5c-a6 .kadence-blocks-gallery-item .kb-gal-image-radius, .kb-gallery-id-2682_2adc5c-a6 .kadence-blocks-gallery-thumb-item .kb-gal-image-radius{box-shadow:0px 0px 0px 0px rgba(0, 0, 0, 0);}.kb-gallery-id-2682_2adc5c-a6 .kadence-blocks-gallery-item:hover .kb-gal-image-radius, .kb-gallery-id-2682_2adc5c-a6 .kadence-blocks-gallery-thumb-item:hover .kb-gal-image-radius{box-shadow:0px 0px 60px -15px var(--global-palette7, #EDF2F7);}.kb-gallery-id-2682_2adc5c-a6 .kadence-blocks-gallery-item .kadence-blocks-gallery-item-inner .kadence-blocks-gallery-item__caption{font-size:17px;color:var(--global-palette4, #2D3748);}.kb-gallery-caption-style-cover-hover.kb-gallery-id-2682_2adc5c-a6 .kadence-blocks-gallery-item .kadence-blocks-gallery-item-inner .kadence-blocks-gallery-item__caption, .kb-gallery-caption-style-below.kb-gallery-id-2682_2adc5c-a6 .kadence-blocks-gallery-item .kadence-blocks-gallery-item-inner .kadence-blocks-gallery-item__caption{background:var(--global-palette9, #ffffff);}<\/style><div class=\"kb-gallery-wrap-id-2682_2adc5c-a6 alignnone wp-block-kadence-advancedgallery\"><ul class=\"kb-gallery-ul kb-gallery-non-static kb-gallery-type-grid kb-gallery-id-2682_2adc5c-a6 kb-gallery-caption-style-below kb-gallery-filter-none\" data-image-filter=\"none\" data-item-selector=\".kadence-blocks-gallery-item\" data-lightbox-caption=\"true\" data-columns-xxl=\"2\" data-columns-xl=\"2\" data-columns-md=\"2\" data-columns-sm=\"2\" data-columns-xs=\"1\" data-columns-ss=\"1\"><li class=\"kadence-blocks-gallery-item\"><div class=\"kadence-blocks-gallery-item-inner\"><figure class=\"kb-gallery-figure kadence-blocks-gallery-item-has-caption\"><div class=\"kb-gal-image-radius\"><div class=\"kb-gallery-image-contain kadence-blocks-gallery-intrinsic kb-gallery-image-ratio-square kb-has-image-ratio-square\" ><img loading=\"lazy\" decoding=\"async\" src=\"https:\/\/rubisspa.ch\/wp-content\/uploads\/2026\/02\/Rubis-SPA-vevey-jacuzzi.jpg\" width=\"700\" height=\"700\" alt=\"\" data-full-image=\"https:\/\/rubisspa.ch\/wp-content\/uploads\/2026\/02\/Rubis-SPA-vevey-jacuzzi.jpg\" data-light-image=\"https:\/\/rubisspa.ch\/wp-content\/uploads\/2026\/02\/Rubis-SPA-vevey-jacuzzi.jpg\" data-id=\"1822\" class=\"wp-image-1822\" srcset=\"https:\/\/rubisspa.ch\/wp-content\/uploads\/2026\/02\/Rubis-SPA-vevey-jacuzzi.jpg 700w, https:\/\/rubisspa.ch\/wp-content\/uploads\/2026\/02\/Rubis-SPA-vevey-jacuzzi-300x300.jpg 300w, https:\/\/rubisspa.ch\/wp-content\/uploads\/2026\/02\/Rubis-SPA-vevey-jacuzzi-150x150.jpg 150w, https:\/\/rubisspa.ch\/wp-content\/uploads\/2026\/02\/Rubis-SPA-vevey-jacuzzi-600x600.jpg 600w, https:\/\/rubisspa.ch\/wp-content\/uploads\/2026\/02\/Rubis-SPA-vevey-jacuzzi-100x100.jpg 100w\" sizes=\"auto, (max-width: 700px) 100vw, 700px\" \/><\/div><\/div><figcaption class=\"kadence-blocks-gallery-item__caption\">A Serenity Bubble for Me<\/figcaption><\/figure><\/div><\/li><li class=\"kadence-blocks-gallery-item\"><div class=\"kadence-blocks-gallery-item-inner\"><figure class=\"kb-gallery-figure kadence-blocks-gallery-item-has-caption\"><div class=\"kb-gal-image-radius\"><div class=\"kb-gallery-image-contain kadence-blocks-gallery-intrinsic kb-gallery-image-ratio-square kb-has-image-ratio-square\" ><img loading=\"lazy\" decoding=\"async\" src=\"https:\/\/rubisspa.ch\/wp-content\/uploads\/2025\/12\/DSCF9921-1-scaled.jpeg\" width=\"2052\" height=\"2560\" alt=\"\" data-full-image=\"https:\/\/rubisspa.ch\/wp-content\/uploads\/2025\/12\/DSCF9921-1-scaled.jpeg\" data-light-image=\"https:\/\/rubisspa.ch\/wp-content\/uploads\/2025\/12\/DSCF9921-1-scaled.jpeg\" data-id=\"1538\" class=\"wp-image-1538\" srcset=\"https:\/\/rubisspa.ch\/wp-content\/uploads\/2025\/12\/DSCF9921-1-scaled.jpeg 2052w, https:\/\/rubisspa.ch\/wp-content\/uploads\/2025\/12\/DSCF9921-1-scaled-600x749.jpeg 600w, https:\/\/rubisspa.ch\/wp-content\/uploads\/2025\/12\/DSCF9921-1-240x300.jpeg 240w, https:\/\/rubisspa.ch\/wp-content\/uploads\/2025\/12\/DSCF9921-1-821x1024.jpeg 821w, https:\/\/rubisspa.ch\/wp-content\/uploads\/2025\/12\/DSCF9921-1-768x958.jpeg 768w, https:\/\/rubisspa.ch\/wp-content\/uploads\/2025\/12\/DSCF9921-1-1231x1536.jpeg 1231w, https:\/\/rubisspa.ch\/wp-content\/uploads\/2025\/12\/DSCF9921-1-1642x2048.jpeg 1642w\" sizes=\"auto, (max-width: 2052px) 100vw, 2052px\" \/><\/div><\/div><figcaption class=\"kadence-blocks-gallery-item__caption\">A Serenity Bubble for Two<\/figcaption><\/figure><\/div><\/li><\/ul><\/div><\/div><\/div>\n\n<\/div><\/div>\n<p><\/p>\n","protected":false},"excerpt":{"rendered":"<p>The Jacuzzi Interlude Book the Jacuzzi Discover our bubbles of serenity here.<\/p>\n","protected":false},"author":1,"featured_media":0,"parent":0,"menu_order":0,"comment_status":"closed","ping_status":"closed","template":"","meta":{"_kad_blocks_custom_css":"","_kad_blocks_head_custom_js":"","_kad_blocks_body_custom_js":"","_kad_blocks_footer_custom_js":"","_monsterinsights_skip_tracking":false,"_monsterinsights_sitenote_active":false,"_monsterinsights_sitenote_note":"","_monsterinsights_sitenote_category":0,"_kad_post_transparent":"","_kad_post_title":"","_kad_post_layout":"fullwidth","_kad_post_sidebar_id":"","_kad_post_content_style":"unboxed","_kad_post_vertical_padding":"","_kad_post_feature":"","_kad_post_feature_position":"","_kad_post_header":false,"_kad_post_footer":false,"_kad_post_classname":"","footnotes":""},"class_list":["post-2683","page","type-page","status-publish","hentry"],"yoast_head":"<!-- This site is optimized with the Yoast SEO plugin v27.3 - https:\/\/yoast.com\/product\/yoast-seo-wordpress\/ -->\n<title>Book the Jacuzzi - Rubis Spa Switzerland<\/title>\n<meta name=\"robots\" content=\"index, follow, max-snippet:-1, max-image-preview:large, max-video-preview:-1\" \/>\n<link rel=\"canonical\" href=\"https:\/\/rubisspa.ch\/en\/book-now-6\/\" \/>\n<meta property=\"og:locale\" content=\"en_US\" \/>\n<meta property=\"og:type\" content=\"article\" \/>\n<meta property=\"og:title\" content=\"Book the Jacuzzi - Rubis Spa Switzerland\" \/>\n<meta property=\"og:description\" content=\"The Jacuzzi Interlude Book the Jacuzzi Discover our bubbles of serenity here.\" \/>\n<meta property=\"og:url\" content=\"https:\/\/rubisspa.ch\/en\/book-now-6\/\" \/>\n<meta property=\"og:site_name\" content=\"Rubis Spa Switzerland\" \/>\n<meta property=\"article:modified_time\" content=\"2026-04-02T11:16:50+00:00\" \/>\n<meta name=\"twitter:card\" content=\"summary_large_image\" \/>\n<meta name=\"twitter:label1\" content=\"Est. reading time\" \/>\n\t<meta name=\"twitter:data1\" content=\"1 minute\" \/>\n<script type=\"application\/ld+json\" class=\"yoast-schema-graph\">{\"@context\":\"https:\\\/\\\/schema.org\",\"@graph\":[{\"@type\":\"WebPage\",\"@id\":\"https:\\\/\\\/rubisspa.ch\\\/en\\\/book-now-6\\\/\",\"url\":\"https:\\\/\\\/rubisspa.ch\\\/en\\\/book-now-6\\\/\",\"name\":\"Book the Jacuzzi - Rubis Spa Switzerland\",\"isPartOf\":{\"@id\":\"https:\\\/\\\/rubisspa.ch\\\/en\\\/#website\"},\"datePublished\":\"2026-04-01T12:04:46+00:00\",\"dateModified\":\"2026-04-02T11:16:50+00:00\",\"breadcrumb\":{\"@id\":\"https:\\\/\\\/rubisspa.ch\\\/en\\\/book-now-6\\\/#breadcrumb\"},\"inLanguage\":\"en-US\",\"potentialAction\":[{\"@type\":\"ReadAction\",\"target\":[\"https:\\\/\\\/rubisspa.ch\\\/en\\\/book-now-6\\\/\"]}]},{\"@type\":\"BreadcrumbList\",\"@id\":\"https:\\\/\\\/rubisspa.ch\\\/en\\\/book-now-6\\\/#breadcrumb\",\"itemListElement\":[{\"@type\":\"ListItem\",\"position\":1,\"name\":\"Accueil\",\"item\":\"https:\\\/\\\/rubisspa.ch\\\/en\\\/\"},{\"@type\":\"ListItem\",\"position\":2,\"name\":\"Book the Jacuzzi\"}]},{\"@type\":\"WebSite\",\"@id\":\"https:\\\/\\\/rubisspa.ch\\\/en\\\/#website\",\"url\":\"https:\\\/\\\/rubisspa.ch\\\/en\\\/\",\"name\":\"Rubis Spa Corseaux\",\"description\":\"Votre \u00e9crin d&#039;\u00e9vasion face au L\u00e9man\",\"publisher\":{\"@id\":\"https:\\\/\\\/rubisspa.ch\\\/en\\\/#organization\"},\"potentialAction\":[{\"@type\":\"SearchAction\",\"target\":{\"@type\":\"EntryPoint\",\"urlTemplate\":\"https:\\\/\\\/rubisspa.ch\\\/en\\\/?s={search_term_string}\"},\"query-input\":{\"@type\":\"PropertyValueSpecification\",\"valueRequired\":true,\"valueName\":\"search_term_string\"}}],\"inLanguage\":\"en-US\"},{\"@type\":\"Organization\",\"@id\":\"https:\\\/\\\/rubisspa.ch\\\/en\\\/#organization\",\"name\":\"Rubis Spa Corseaux\",\"url\":\"https:\\\/\\\/rubisspa.ch\\\/en\\\/\",\"logo\":{\"@type\":\"ImageObject\",\"inLanguage\":\"en-US\",\"@id\":\"https:\\\/\\\/rubisspa.ch\\\/en\\\/#\\\/schema\\\/logo\\\/image\\\/\",\"url\":\"https:\\\/\\\/rubisspa.ch\\\/wp-content\\\/uploads\\\/2025\\\/03\\\/Rubis_Spa_Corseaux_Logo.png\",\"contentUrl\":\"https:\\\/\\\/rubisspa.ch\\\/wp-content\\\/uploads\\\/2025\\\/03\\\/Rubis_Spa_Corseaux_Logo.png\",\"width\":558,\"height\":374,\"caption\":\"Rubis Spa Corseaux\"},\"image\":{\"@id\":\"https:\\\/\\\/rubisspa.ch\\\/en\\\/#\\\/schema\\\/logo\\\/image\\\/\"}}]}<\/script>\n<!-- \/ Yoast SEO plugin. -->","yoast_head_json":{"title":"Book the Jacuzzi - Rubis Spa Switzerland","robots":{"index":"index","follow":"follow","max-snippet":"max-snippet:-1","max-image-preview":"max-image-preview:large","max-video-preview":"max-video-preview:-1"},"canonical":"https:\/\/rubisspa.ch\/en\/book-now-6\/","og_locale":"en_US","og_type":"article","og_title":"Book the Jacuzzi - Rubis Spa Switzerland","og_description":"The Jacuzzi Interlude Book the Jacuzzi Discover our bubbles of serenity here.","og_url":"https:\/\/rubisspa.ch\/en\/book-now-6\/","og_site_name":"Rubis Spa Switzerland","article_modified_time":"2026-04-02T11:16:50+00:00","twitter_card":"summary_large_image","twitter_misc":{"Est. reading time":"1 minute"},"schema":{"@context":"https:\/\/schema.org","@graph":[{"@type":"WebPage","@id":"https:\/\/rubisspa.ch\/en\/book-now-6\/","url":"https:\/\/rubisspa.ch\/en\/book-now-6\/","name":"Book the Jacuzzi - Rubis Spa Switzerland","isPartOf":{"@id":"https:\/\/rubisspa.ch\/en\/#website"},"datePublished":"2026-04-01T12:04:46+00:00","dateModified":"2026-04-02T11:16:50+00:00","breadcrumb":{"@id":"https:\/\/rubisspa.ch\/en\/book-now-6\/#breadcrumb"},"inLanguage":"en-US","potentialAction":[{"@type":"ReadAction","target":["https:\/\/rubisspa.ch\/en\/book-now-6\/"]}]},{"@type":"BreadcrumbList","@id":"https:\/\/rubisspa.ch\/en\/book-now-6\/#breadcrumb","itemListElement":[{"@type":"ListItem","position":1,"name":"Accueil","item":"https:\/\/rubisspa.ch\/en\/"},{"@type":"ListItem","position":2,"name":"Book the Jacuzzi"}]},{"@type":"WebSite","@id":"https:\/\/rubisspa.ch\/en\/#website","url":"https:\/\/rubisspa.ch\/en\/","name":"Rubis Spa Corseaux","description":"Votre \u00e9crin d&#039;\u00e9vasion face au L\u00e9man","publisher":{"@id":"https:\/\/rubisspa.ch\/en\/#organization"},"potentialAction":[{"@type":"SearchAction","target":{"@type":"EntryPoint","urlTemplate":"https:\/\/rubisspa.ch\/en\/?s={search_term_string}"},"query-input":{"@type":"PropertyValueSpecification","valueRequired":true,"valueName":"search_term_string"}}],"inLanguage":"en-US"},{"@type":"Organization","@id":"https:\/\/rubisspa.ch\/en\/#organization","name":"Rubis Spa Corseaux","url":"https:\/\/rubisspa.ch\/en\/","logo":{"@type":"ImageObject","inLanguage":"en-US","@id":"https:\/\/rubisspa.ch\/en\/#\/schema\/logo\/image\/","url":"https:\/\/rubisspa.ch\/wp-content\/uploads\/2025\/03\/Rubis_Spa_Corseaux_Logo.png","contentUrl":"https:\/\/rubisspa.ch\/wp-content\/uploads\/2025\/03\/Rubis_Spa_Corseaux_Logo.png","width":558,"height":374,"caption":"Rubis Spa Corseaux"},"image":{"@id":"https:\/\/rubisspa.ch\/en\/#\/schema\/logo\/image\/"}}]}},"taxonomy_info":[],"featured_image_src_large":false,"author_info":{"display_name":"joel","author_link":"https:\/\/rubisspa.ch\/en\/author\/joel\/"},"comment_info":0,"jetpack_sharing_enabled":true,"_links":{"self":[{"href":"https:\/\/rubisspa.ch\/en\/wp-json\/wp\/v2\/pages\/2683","targetHints":{"allow":["GET"]}}],"collection":[{"href":"https:\/\/rubisspa.ch\/en\/wp-json\/wp\/v2\/pages"}],"about":[{"href":"https:\/\/rubisspa.ch\/en\/wp-json\/wp\/v2\/types\/page"}],"author":[{"embeddable":true,"href":"https:\/\/rubisspa.ch\/en\/wp-json\/wp\/v2\/users\/1"}],"replies":[{"embeddable":true,"href":"https:\/\/rubisspa.ch\/en\/wp-json\/wp\/v2\/comments?post=2683"}],"version-history":[{"count":3,"href":"https:\/\/rubisspa.ch\/en\/wp-json\/wp\/v2\/pages\/2683\/revisions"}],"predecessor-version":[{"id":2957,"href":"https:\/\/rubisspa.ch\/en\/wp-json\/wp\/v2\/pages\/2683\/revisions\/2957"}],"wp:attachment":[{"href":"https:\/\/rubisspa.ch\/en\/wp-json\/wp\/v2\/media?parent=2683"}],"curies":[{"name":"wp","href":"https:\/\/api.w.org\/{rel}","templated":true}]}}