{"id":2618,"date":"2026-04-01T09:23:05","date_gmt":"2026-04-01T07:23:05","guid":{"rendered":"https:\/\/rubisspa.ch\/reservation\/"},"modified":"2026-04-08T14:15:27","modified_gmt":"2026-04-08T12:15:27","slug":"reservation","status":"publish","type":"page","link":"https:\/\/rubisspa.ch\/en\/reservation\/","title":{"rendered":"Reservation"},"content":{"rendered":"<style>\r\n.shore-booking-wrapper {\r\n  position: relative;\r\n}\r\n\r\n.shore-booking-frame {\r\n  display: block;\r\n}\r\n\r\n.shore-close-mask {\r\n  position: absolute;\r\n  top: 0;\r\n  right: 0;\r\n  width: 150px;\r\n  height: 50px;\r\n  background: #ffffff; \/* adapte si besoin *\/\r\n  z-index: 999;\r\n  pointer-events: auto;\r\n}\r\n<\/style>\r\n\r\n<script>\r\ndocument.addEventListener(\"DOMContentLoaded\", function () {\r\n  const wrapper = document.querySelector(\".shore-booking-wrapper\");\r\n  if (!wrapper) return;\r\n\r\n  if (!wrapper.querySelector(\".shore-close-mask\")) {\r\n    const mask = document.createElement(\"span\");\r\n    mask.className = \"shore-close-mask\";\r\n    mask.setAttribute(\"aria-hidden\", \"true\");\r\n    wrapper.appendChild(mask);\r\n  }\r\n});\r\n<\/script>\n\n<style>\n  .shore-booking-wrapper {\n    max-width: 1200px;\n    margin: 0 auto;\n    width: 100%;\n  }\n\n  .shore-booking-frame {\n    width: 100%;\n    border: 0;\n    overflow: hidden;\n    min-height: 1300px;\n    display: block;\n  }\n\n  @media (max-width: 1024px) {\n    .shore-booking-frame {\n      min-height: 1200px;\n    }\n  }\n\n@media (max-width: 768px) {\n  .shore-booking-frame {\n    min-height: 1100px;\n  }\n}\n\n@media (max-width: 480px) {\n  .shore-booking-frame {\n    min-height: 1100px;\n  }\n\n}\n@media (max-width: 768px) {\n  .entry-content-wrap {\n    padding-bottom: 0 !important;\n    margin-bottom: 0 !important;\n  }\n}\n@media (max-width: 480px) {\n  .entry-content-wrap {;\n    padding: 0 !important;\n    margin: 0 !important;\n  }\n}\n\n<\/style>\n\n<div class=\"shore-booking-wrapper\">\n  <iframe id=\"shore-booking-frame\" class=\"shore-booking-frame\" src=\"\" title=\"Rubis Spa Reservation\" loading=\"lazy\" scrolling=\"no\">\n  <\/iframe>\n<\/div>\n\n<script>\n  const shoreLinks = {\n    \"offre-du-moment\": \"https:\/\/connect.shore.com\/bookings\/rubis-spa\/direct\/a3406073-d80c-4854-80ad-e2b36e3c3f52?utm_source=direct-booking-service-link\",\n\n    \"massage-calme-profond\": \"https:\/\/connect.shore.com\/bookings\/rubis-spa\/direct\/2a82971a-66ba-419c-81f2-4a5ebf116018?utm_source=direct-booking-service-link\",\n    \"massage-cocon-de-chaleur\": \"https:\/\/connect.shore.com\/bookings\/rubis-spa\/direct\/dadfd519-4c7f-4e54-9d46-17807b5bc9c3?utm_source=direct-booking-service-link\",\n    \"massage-douceur-eveil\": \"https:\/\/connect.shore.com\/bookings\/rubis-spa\/direct\/0a3562e8-c8f5-4a92-8ec1-06eb1a247adf?utm_source=direct-booking-service-link\",\n    \"massage-equilibre-musculaire\": \"https:\/\/connect.shore.com\/bookings\/rubis-spa\/direct\/15b858f7-5d6a-4f42-b7aa-e4273e1dcf4b?utm_source=direct-booking-service-link\",\n    \"massage-sagesse-pochons\": \"https:\/\/connect.shore.com\/bookings\/rubis-spa\/direct\/99120bba-c8b6-450c-9865-4bd721350eeb?utm_source=direct-booking-service-link\",\n\n    \"soin-visage-eclat-de-soi\": \"https:\/\/connect.shore.com\/bookings\/rubis-spa\/direct\/263d9092-1372-42ba-8aa9-b57f0fef7c20?utm_source=direct-booking-service-link\",\n    \"soin-visage-vitalite-detox\": \"https:\/\/connect.shore.com\/bookings\/rubis-spa\/direct\/dbe299b0-db4c-4fbb-be1a-a90616b99306?utm_source=direct-booking-service-link\",\n    \"soin-visage-jouvence\": \"https:\/\/connect.shore.com\/bookings\/rubis-spa\/direct\/a8ca3450-f713-4769-ad6b-92ccfbdbcdf1?utm_source=direct-booking-service-link\",\n    \"soin-visage-serenite-hydratation\": \"https:\/\/connect.shore.com\/bookings\/rubis-spa\/direct\/1424917b-ef37-4dad-903a-feb7e6736a68?utm_source=direct-booking-service-link\",\n\n    \"soin-corps-gommage-the-vert\": \"https:\/\/connect.shore.com\/bookings\/rubis-spa\/direct\/c712c1a2-6fa1-4493-8fa5-3f92d8139eb8?utm_source=direct-booking-service-link\",\n    \"soin-corps-savon-noir\": \"https:\/\/connect.shore.com\/bookings\/rubis-spa\/direct\/a40f2a15-ab12-41c8-a878-03859aa2285c?utm_source=direct-booking-service-link\",\n    \"soin-corps-enveloppement-auto-chauffant-chocolat\": \"https:\/\/connect.shore.com\/bookings\/rubis-spa\/direct\/fb812306-8bd1-421b-a5a8-d8a4f4186d78?utm_source=direct-booking-service-link\",\n    \"soin-corps-bain-lait-de-riz\": \"https:\/\/connect.shore.com\/bookings\/rubis-spa\/direct\/0fcb8ffb-be56-40ec-9ced-db1d06855d77?utm_source=direct-booking-service-link\",\n    \"soin-corps-equilibre-zen\": \"https:\/\/connect.shore.com\/bookings\/rubis-spa\/direct\/525f4a5f-fb90-4c43-938b-ed0dc1047efd?utm_source=direct-booking-service-link\",\n    \"soin-corps-enveloppement-algues\": \"https:\/\/connect.shore.com\/bookings\/rubis-spa\/direct\/df055759-451b-4387-9c91-eb22d16920ce?utm_source=direct-booking-service-link\",\n\n    \"jacuzzi-bulle-serenite-a-deux\": \"https:\/\/connect.shore.com\/bookings\/rubis-spa\/direct\/d2569cde-9e2c-45d4-a675-d54c6886cd37?utm_source=direct-booking-service-link\",\n    \"jacuzzi-bulle-serenite-pour-moi\": \"https:\/\/connect.shore.com\/bookings\/rubis-spa\/direct\/939bd480-4953-46ba-ab90-8431cf1ae2d5?utm_source=direct-booking-service-link\",\n\n    \"pack-rubis-signature\": \"https:\/\/connect.shore.com\/bookings\/rubis-spa\/direct\/a68cffc6-ae09-41dd-9520-c64cadec154e?utm_source=direct-booking-service-link\",\n    \"pack-evasion-sensorielle\": \"https:\/\/connect.shore.com\/bookings\/rubis-spa\/direct\/6ef6720d-0b86-48f3-8d67-aacd533e59bf?utm_source=direct-booking-service-link\",\n    \"pack-detente-absolue\": \"https:\/\/connect.shore.com\/bookings\/rubis-spa\/direct\/6ff0c247-ff38-4cd0-89d8-682fd1cf2e89?utm_source=direct-booking-service-link\",\n\n    \"manucure-pedicure-depose-vernis\": \"https:\/\/connect.shore.com\/bookings\/rubis-spa\/direct\/57d54ee7-6ab2-4200-9ea5-537274fecaad?utm_source=direct-booking-service-link\",\n    \"manucure-classique\": \"https:\/\/connect.shore.com\/bookings\/rubis-spa\/direct\/b85fb032-df34-4284-803a-21a84266a6e9?utm_source=direct-booking-service-link\",\n    \"pedicure-classique\": \"https:\/\/connect.shore.com\/bookings\/rubis-spa\/direct\/fb422086-fd98-4772-94d7-75f65d0598d8?utm_source=direct-booking-service-link\",\n    \"manucure-mains-sublimes\": \"https:\/\/connect.shore.com\/bookings\/rubis-spa\/direct\/41a34c40-d787-4ce5-ad25-17973da60515?utm_source=direct-booking-service-link\",\n    \"pedicure-pieds-sublimes\": \"https:\/\/connect.shore.com\/bookings\/rubis-spa\/direct\/670b69bf-9fa0-4402-9495-a301bed32d7a?utm_source=direct-booking-service-link\",\n    \"manucure-semi-permanent\": \"https:\/\/connect.shore.com\/bookings\/rubis-spa\/direct\/4cf3a460-5574-40a5-937f-8310b94a3232?utm_source=direct-booking-service-link\",\n    \"manucure-pedicure-mains-pieds-sublimes\": \"https:\/\/connect.shore.com\/bookings\/rubis-spa\/direct\/100755af-cbab-45d6-9254-be65bd643379?utm_source=direct-booking-service-link\",\n\n    \"epilation-aisselles\": \"https:\/\/connect.shore.com\/bookings\/rubis-spa\/direct\/49f59764-1912-4bce-9ec6-3ca6c07542fe?utm_source=direct-booking-service-link\",\n    \"epilation-avant-bras\": \"https:\/\/connect.shore.com\/bookings\/rubis-spa\/direct\/0903872d-6670-4c40-b2d4-dde7383f44ab?utm_source=direct-booking-service-link\",\n    \"epilation-bikini-bresilien\": \"https:\/\/connect.shore.com\/bookings\/rubis-spa\/direct\/e65fb7f1-f86a-4585-b9fd-454e033a96b6?utm_source=direct-booking-service-link\",\n    \"epilation-bikini-integral\": \"https:\/\/connect.shore.com\/bookings\/rubis-spa\/direct\/c4b77d71-e02c-46a0-a88a-c30f8f07b002?utm_source=direct-booking-service-link\",\n    \"epilation-bikini-simple\": \"https:\/\/connect.shore.com\/bookings\/rubis-spa\/direct\/345113db-f93e-41e6-94be-0d6c91def326?utm_source=direct-booking-service-link\",\n    \"epilation-demi-jambes-cuisses\": \"https:\/\/connect.shore.com\/bookings\/rubis-spa\/direct\/2e48a5fe-aa5f-4bc9-b5e5-0159ddf35ba9?utm_source=direct-booking-service-link\",\n    \"epilation-dos\": \"https:\/\/connect.shore.com\/bookings\/rubis-spa\/direct\/745ca5ac-95d4-46a2-a5ae-520b0815d4b8?utm_source=direct-booking-service-link\",\n    \"epilation-jambes-completes\": \"https:\/\/connect.shore.com\/bookings\/rubis-spa\/direct\/8a236404-fc07-4916-ba20-c43a19915912?utm_source=direct-booking-service-link\",\n    \"epilation-levres-menton\": \"https:\/\/connect.shore.com\/bookings\/rubis-spa\/direct\/d76f0d17-40cb-4111-bff7-40128bf9b327?utm_source=direct-booking-service-link\",\n    \"epilation-sourcils\": \"https:\/\/connect.shore.com\/bookings\/rubis-spa\/direct\/da3ec48a-c6bb-4706-9c64-7880b19f66f1?utm_source=direct-booking-service-link\"\n  };\n\n  const fallbackUrl = \"https:\/\/connect.shore.com\/bookings\/rubis-spa\";\n  const params = new URLSearchParams(window.location.search);\n  const service = params.get(\"service\");\n  const iframe = document.getElementById(\"shore-booking-frame\");\n\n  iframe.src = shoreLinks[service] || fallbackUrl;\n\n  const SHORE_ORIGIN = \"https:\/\/connect.shore.com\";\n\n  window.addEventListener(\"message\", function (event) {\n    if (\n      event.origin === SHORE_ORIGIN &&\n      window.dataLayer &&\n      typeof window.dataLayer.push === \"function\" &&\n      event.data &&\n      event.data.event &&\n      event.data.eventAction &&\n      event.data.eventCategory\n    ) {\n      window.dataLayer.push({\n        event: event.data.event,\n        eventAction: event.data.eventAction,\n        eventCategory: event.data.eventCategory,\n        eventCustomer: event.data.eventCustomer,\n        eventLabel: event.data.eventLabel,\n        eventLocation: event.data.eventLocation,\n        eventValue: event.data.eventValue\n      });\n    }\n  });\n<\/script>\n\n<p><\/p>\n","protected":false},"excerpt":{"rendered":"","protected":false},"author":1,"featured_media":0,"parent":0,"menu_order":0,"comment_status":"closed","ping_status":"closed","template":"","meta":{"_kad_blocks_custom_css":"","_kad_blocks_head_custom_js":"","_kad_blocks_body_custom_js":"","_kad_blocks_footer_custom_js":"","_monsterinsights_skip_tracking":false,"_monsterinsights_sitenote_active":false,"_monsterinsights_sitenote_note":"","_monsterinsights_sitenote_category":0,"_kad_post_transparent":"","_kad_post_title":"","_kad_post_layout":"","_kad_post_sidebar_id":"","_kad_post_content_style":"","_kad_post_vertical_padding":"","_kad_post_feature":"","_kad_post_feature_position":"","_kad_post_header":false,"_kad_post_footer":false,"_kad_post_classname":"","footnotes":""},"class_list":["post-2618","page","type-page","status-publish","hentry"],"yoast_head":"<!-- This site is optimized with the Yoast SEO plugin v27.3 - https:\/\/yoast.com\/product\/yoast-seo-wordpress\/ -->\n<title>Reservation - Rubis Spa Switzerland<\/title>\n<meta name=\"robots\" content=\"index, follow, max-snippet:-1, max-image-preview:large, max-video-preview:-1\" \/>\n<link rel=\"canonical\" href=\"https:\/\/rubisspa.ch\/en\/reservation\/\" \/>\n<meta property=\"og:locale\" content=\"en_US\" \/>\n<meta property=\"og:type\" content=\"article\" \/>\n<meta property=\"og:title\" content=\"Reservation - Rubis Spa Switzerland\" \/>\n<meta property=\"og:url\" content=\"https:\/\/rubisspa.ch\/en\/reservation\/\" \/>\n<meta property=\"og:site_name\" content=\"Rubis Spa Switzerland\" \/>\n<meta property=\"article:modified_time\" content=\"2026-04-08T12:15:27+00:00\" \/>\n<meta name=\"twitter:card\" content=\"summary_large_image\" \/>\n<script type=\"application\/ld+json\" class=\"yoast-schema-graph\">{\"@context\":\"https:\\\/\\\/schema.org\",\"@graph\":[{\"@type\":\"WebPage\",\"@id\":\"https:\\\/\\\/rubisspa.ch\\\/en\\\/reservation\\\/\",\"url\":\"https:\\\/\\\/rubisspa.ch\\\/en\\\/reservation\\\/\",\"name\":\"Reservation - Rubis Spa Switzerland\",\"isPartOf\":{\"@id\":\"https:\\\/\\\/rubisspa.ch\\\/en\\\/#website\"},\"datePublished\":\"2026-04-01T07:23:05+00:00\",\"dateModified\":\"2026-04-08T12:15:27+00:00\",\"breadcrumb\":{\"@id\":\"https:\\\/\\\/rubisspa.ch\\\/en\\\/reservation\\\/#breadcrumb\"},\"inLanguage\":\"en-US\",\"potentialAction\":[{\"@type\":\"ReadAction\",\"target\":[\"https:\\\/\\\/rubisspa.ch\\\/en\\\/reservation\\\/\"]}]},{\"@type\":\"BreadcrumbList\",\"@id\":\"https:\\\/\\\/rubisspa.ch\\\/en\\\/reservation\\\/#breadcrumb\",\"itemListElement\":[{\"@type\":\"ListItem\",\"position\":1,\"name\":\"Accueil\",\"item\":\"https:\\\/\\\/rubisspa.ch\\\/en\\\/\"},{\"@type\":\"ListItem\",\"position\":2,\"name\":\"Reservation\"}]},{\"@type\":\"WebSite\",\"@id\":\"https:\\\/\\\/rubisspa.ch\\\/en\\\/#website\",\"url\":\"https:\\\/\\\/rubisspa.ch\\\/en\\\/\",\"name\":\"Rubis Spa Corseaux\",\"description\":\"Votre \u00e9crin d&#039;\u00e9vasion face au L\u00e9man\",\"publisher\":{\"@id\":\"https:\\\/\\\/rubisspa.ch\\\/en\\\/#organization\"},\"potentialAction\":[{\"@type\":\"SearchAction\",\"target\":{\"@type\":\"EntryPoint\",\"urlTemplate\":\"https:\\\/\\\/rubisspa.ch\\\/en\\\/?s={search_term_string}\"},\"query-input\":{\"@type\":\"PropertyValueSpecification\",\"valueRequired\":true,\"valueName\":\"search_term_string\"}}],\"inLanguage\":\"en-US\"},{\"@type\":\"Organization\",\"@id\":\"https:\\\/\\\/rubisspa.ch\\\/en\\\/#organization\",\"name\":\"Rubis Spa Corseaux\",\"url\":\"https:\\\/\\\/rubisspa.ch\\\/en\\\/\",\"logo\":{\"@type\":\"ImageObject\",\"inLanguage\":\"en-US\",\"@id\":\"https:\\\/\\\/rubisspa.ch\\\/en\\\/#\\\/schema\\\/logo\\\/image\\\/\",\"url\":\"https:\\\/\\\/rubisspa.ch\\\/wp-content\\\/uploads\\\/2025\\\/03\\\/Rubis_Spa_Corseaux_Logo.png\",\"contentUrl\":\"https:\\\/\\\/rubisspa.ch\\\/wp-content\\\/uploads\\\/2025\\\/03\\\/Rubis_Spa_Corseaux_Logo.png\",\"width\":558,\"height\":374,\"caption\":\"Rubis Spa Corseaux\"},\"image\":{\"@id\":\"https:\\\/\\\/rubisspa.ch\\\/en\\\/#\\\/schema\\\/logo\\\/image\\\/\"}}]}<\/script>\n<!-- \/ Yoast SEO plugin. -->","yoast_head_json":{"title":"Reservation - Rubis Spa Switzerland","robots":{"index":"index","follow":"follow","max-snippet":"max-snippet:-1","max-image-preview":"max-image-preview:large","max-video-preview":"max-video-preview:-1"},"canonical":"https:\/\/rubisspa.ch\/en\/reservation\/","og_locale":"en_US","og_type":"article","og_title":"Reservation - Rubis Spa Switzerland","og_url":"https:\/\/rubisspa.ch\/en\/reservation\/","og_site_name":"Rubis Spa Switzerland","article_modified_time":"2026-04-08T12:15:27+00:00","twitter_card":"summary_large_image","schema":{"@context":"https:\/\/schema.org","@graph":[{"@type":"WebPage","@id":"https:\/\/rubisspa.ch\/en\/reservation\/","url":"https:\/\/rubisspa.ch\/en\/reservation\/","name":"Reservation - Rubis Spa Switzerland","isPartOf":{"@id":"https:\/\/rubisspa.ch\/en\/#website"},"datePublished":"2026-04-01T07:23:05+00:00","dateModified":"2026-04-08T12:15:27+00:00","breadcrumb":{"@id":"https:\/\/rubisspa.ch\/en\/reservation\/#breadcrumb"},"inLanguage":"en-US","potentialAction":[{"@type":"ReadAction","target":["https:\/\/rubisspa.ch\/en\/reservation\/"]}]},{"@type":"BreadcrumbList","@id":"https:\/\/rubisspa.ch\/en\/reservation\/#breadcrumb","itemListElement":[{"@type":"ListItem","position":1,"name":"Accueil","item":"https:\/\/rubisspa.ch\/en\/"},{"@type":"ListItem","position":2,"name":"Reservation"}]},{"@type":"WebSite","@id":"https:\/\/rubisspa.ch\/en\/#website","url":"https:\/\/rubisspa.ch\/en\/","name":"Rubis Spa Corseaux","description":"Votre \u00e9crin d&#039;\u00e9vasion face au L\u00e9man","publisher":{"@id":"https:\/\/rubisspa.ch\/en\/#organization"},"potentialAction":[{"@type":"SearchAction","target":{"@type":"EntryPoint","urlTemplate":"https:\/\/rubisspa.ch\/en\/?s={search_term_string}"},"query-input":{"@type":"PropertyValueSpecification","valueRequired":true,"valueName":"search_term_string"}}],"inLanguage":"en-US"},{"@type":"Organization","@id":"https:\/\/rubisspa.ch\/en\/#organization","name":"Rubis Spa Corseaux","url":"https:\/\/rubisspa.ch\/en\/","logo":{"@type":"ImageObject","inLanguage":"en-US","@id":"https:\/\/rubisspa.ch\/en\/#\/schema\/logo\/image\/","url":"https:\/\/rubisspa.ch\/wp-content\/uploads\/2025\/03\/Rubis_Spa_Corseaux_Logo.png","contentUrl":"https:\/\/rubisspa.ch\/wp-content\/uploads\/2025\/03\/Rubis_Spa_Corseaux_Logo.png","width":558,"height":374,"caption":"Rubis Spa Corseaux"},"image":{"@id":"https:\/\/rubisspa.ch\/en\/#\/schema\/logo\/image\/"}}]}},"taxonomy_info":[],"featured_image_src_large":false,"author_info":{"display_name":"joel","author_link":"https:\/\/rubisspa.ch\/en\/author\/joel\/"},"comment_info":0,"jetpack_sharing_enabled":true,"_links":{"self":[{"href":"https:\/\/rubisspa.ch\/en\/wp-json\/wp\/v2\/pages\/2618","targetHints":{"allow":["GET"]}}],"collection":[{"href":"https:\/\/rubisspa.ch\/en\/wp-json\/wp\/v2\/pages"}],"about":[{"href":"https:\/\/rubisspa.ch\/en\/wp-json\/wp\/v2\/types\/page"}],"author":[{"embeddable":true,"href":"https:\/\/rubisspa.ch\/en\/wp-json\/wp\/v2\/users\/1"}],"replies":[{"embeddable":true,"href":"https:\/\/rubisspa.ch\/en\/wp-json\/wp\/v2\/comments?post=2618"}],"version-history":[{"count":23,"href":"https:\/\/rubisspa.ch\/en\/wp-json\/wp\/v2\/pages\/2618\/revisions"}],"predecessor-version":[{"id":3145,"href":"https:\/\/rubisspa.ch\/en\/wp-json\/wp\/v2\/pages\/2618\/revisions\/3145"}],"wp:attachment":[{"href":"https:\/\/rubisspa.ch\/en\/wp-json\/wp\/v2\/media?parent=2618"}],"curies":[{"name":"wp","href":"https:\/\/api.w.org\/{rel}","templated":true}]}}