{"id":2102,"date":"2026-02-10T10:45:43","date_gmt":"2026-02-10T09:45:43","guid":{"rendered":"https:\/\/rubisspa.ch\/?page_id=2102"},"modified":"2026-03-24T12:17:09","modified_gmt":"2026-03-24T11:17:09","slug":"our-spas-2","status":"publish","type":"page","link":"https:\/\/rubisspa.ch\/en\/our-spas-2\/","title":{"rendered":"Our spas"},"content":{"rendered":"<style>.kb-row-layout-id1759_67dc05-7c > .kt-row-column-wrap{align-content:center;}:where(.kb-row-layout-id1759_67dc05-7c > .kt-row-column-wrap) > .wp-block-kadence-column{justify-content:center;}.kb-row-layout-id1759_67dc05-7c > .kt-row-column-wrap{column-gap:var(--global-kb-gap-md, 2rem);row-gap:var(--global-kb-gap-md, 2rem);max-width:var( --global-content-width, 1290px );padding-left:var(--global-content-edge-padding);padding-right:var(--global-content-edge-padding);padding-top:var(--global-kb-spacing-xl, 4rem);padding-bottom:var(--global-kb-spacing-3xl, 6.5rem);min-height:90vh;grid-template-columns:minmax(0, 1fr);}.kb-row-layout-id1759_67dc05-7c > .kt-row-layout-overlay{opacity:0.30;}@media all and (max-width: 1024px){.kb-row-layout-id1759_67dc05-7c > .kt-row-column-wrap{grid-template-columns:minmax(0, 1fr);}}@media all and (max-width: 767px){.kb-row-layout-id1759_67dc05-7c > .kt-row-column-wrap{grid-template-columns:minmax(0, 1fr);}}<\/style><div class=\"kb-row-layout-wrap kb-row-layout-id1759_67dc05-7c aligncenter has-theme-palette8-background-color kt-row-has-bg wp-block-kadence-rowlayout\"><div class=\"kt-row-column-wrap kt-has-1-columns kt-row-layout-equal kt-tab-layout-inherit kt-mobile-layout-row kt-row-valign-middle kb-theme-content-width\">\n<style>.kadence-column1759_cbab62-4a > .kt-inside-inner-col,.kadence-column1759_cbab62-4a > .kt-inside-inner-col:before{border-top-left-radius:0px;border-top-right-radius:0px;border-bottom-right-radius:0px;border-bottom-left-radius:0px;}.kadence-column1759_cbab62-4a > .kt-inside-inner-col{column-gap:var(--global-kb-gap-sm, 1rem);}.kadence-column1759_cbab62-4a > .kt-inside-inner-col{flex-direction:column;}.kadence-column1759_cbab62-4a > .kt-inside-inner-col > .aligncenter{width:100%;}.kadence-column1759_cbab62-4a > .kt-inside-inner-col:before{opacity:0.3;}.kadence-column1759_cbab62-4a{position:relative;}@media all and (max-width: 1024px){.kadence-column1759_cbab62-4a > .kt-inside-inner-col{flex-direction:column;justify-content:center;}}@media all and (max-width: 767px){.kadence-column1759_cbab62-4a > .kt-inside-inner-col{flex-direction:column;justify-content:center;}}<\/style>\n<div class=\"wp-block-kadence-column kadence-column1759_cbab62-4a\"><div class=\"kt-inside-inner-col\"><style>.wp-block-kadence-advancedheading.kt-adv-heading1759_b709d8-c8, .wp-block-kadence-advancedheading.kt-adv-heading1759_b709d8-c8[data-kb-block=\"kb-adv-heading1759_b709d8-c8\"]{padding-bottom:var(--global-kb-spacing-xs, 1rem);margin-bottom:0px;text-align:center;font-weight:400;font-style:normal;font-family:mrblaketon-pro;}.wp-block-kadence-advancedheading.kt-adv-heading1759_b709d8-c8 mark.kt-highlight, .wp-block-kadence-advancedheading.kt-adv-heading1759_b709d8-c8[data-kb-block=\"kb-adv-heading1759_b709d8-c8\"] mark.kt-highlight{font-style:normal;color:#f76a0c;-webkit-box-decoration-break:clone;box-decoration-break:clone;padding-top:0px;padding-right:0px;padding-bottom:0px;padding-left:0px;}.wp-block-kadence-advancedheading.kt-adv-heading1759_b709d8-c8 img.kb-inline-image, .wp-block-kadence-advancedheading.kt-adv-heading1759_b709d8-c8[data-kb-block=\"kb-adv-heading1759_b709d8-c8\"] img.kb-inline-image{width:150px;vertical-align:baseline;}<\/style>\n<h2 class=\"kt-adv-heading1759_b709d8-c8 wp-block-kadence-advancedheading\" data-kb-block=\"kb-adv-heading1759_b709d8-c8\">Our spas<\/h2>\n\n\n<style>.wp-block-kadence-advancedheading.kt-adv-heading1759_11ea12-f1, .wp-block-kadence-advancedheading.kt-adv-heading1759_11ea12-f1[data-kb-block=\"kb-adv-heading1759_11ea12-f1\"]{padding-top:0px;padding-bottom:var(--global-kb-spacing-xxs, 0.5rem);margin-top:0px;margin-bottom:0px;text-align:center;font-size:var(--global-kb-font-size-lg, 2rem);font-weight:500;font-style:normal;font-family:swear-text;}.wp-block-kadence-advancedheading.kt-adv-heading1759_11ea12-f1 mark.kt-highlight, .wp-block-kadence-advancedheading.kt-adv-heading1759_11ea12-f1[data-kb-block=\"kb-adv-heading1759_11ea12-f1\"] mark.kt-highlight{font-style:normal;color:#f76a0c;-webkit-box-decoration-break:clone;box-decoration-break:clone;padding-top:0px;padding-right:0px;padding-bottom:0px;padding-left:0px;}.wp-block-kadence-advancedheading.kt-adv-heading1759_11ea12-f1 img.kb-inline-image, .wp-block-kadence-advancedheading.kt-adv-heading1759_11ea12-f1[data-kb-block=\"kb-adv-heading1759_11ea12-f1\"] img.kb-inline-image{width:150px;vertical-align:baseline;}@media all and (max-width: 1024px){.wp-block-kadence-advancedheading.kt-adv-heading1759_11ea12-f1, .wp-block-kadence-advancedheading.kt-adv-heading1759_11ea12-f1[data-kb-block=\"kb-adv-heading1759_11ea12-f1\"]{font-size:var(--global-kb-font-size-xxl, 4rem);line-height:68px;}}@media all and (max-width: 767px){.wp-block-kadence-advancedheading.kt-adv-heading1759_11ea12-f1, .wp-block-kadence-advancedheading.kt-adv-heading1759_11ea12-f1[data-kb-block=\"kb-adv-heading1759_11ea12-f1\"]{font-size:36px;line-height:50px;}}<\/style>\n<h4 class=\"kt-adv-heading1759_11ea12-f1 wp-block-kadence-advancedheading\" data-kb-block=\"kb-adv-heading1759_11ea12-f1\" data-aos=\"fade-up\" data-aos-duration=\"700\" data-aos-delay=\"50\">Rubis spa shanga\u00ef and toronto<\/h4>\n\n\n<style>.wp-block-kadence-advancedheading.kt-adv-heading1759_e3cca8-68, .wp-block-kadence-advancedheading.kt-adv-heading1759_e3cca8-68[data-kb-block=\"kb-adv-heading1759_e3cca8-68\"]{text-align:center;font-weight:500;font-style:normal;font-family:swear-text;}.wp-block-kadence-advancedheading.kt-adv-heading1759_e3cca8-68 mark.kt-highlight, .wp-block-kadence-advancedheading.kt-adv-heading1759_e3cca8-68[data-kb-block=\"kb-adv-heading1759_e3cca8-68\"] mark.kt-highlight{font-style:normal;color:#f76a0c;-webkit-box-decoration-break:clone;box-decoration-break:clone;padding-top:0px;padding-right:0px;padding-bottom:0px;padding-left:0px;}.wp-block-kadence-advancedheading.kt-adv-heading1759_e3cca8-68 img.kb-inline-image, .wp-block-kadence-advancedheading.kt-adv-heading1759_e3cca8-68[data-kb-block=\"kb-adv-heading1759_e3cca8-68\"] img.kb-inline-image{width:150px;vertical-align:baseline;}<\/style>\n<p class=\"kt-adv-heading1759_e3cca8-68 wp-block-kadence-advancedheading\" data-kb-block=\"kb-adv-heading1759_e3cca8-68\">Our international wellness centers<\/p>\n\n\n<style>.wp-block-kadence-advancedgallery.kb-gallery-wrap-id-1759_55b138-b6{padding-top:0px;padding-bottom:var(--global-kb-spacing-md, 2rem);}.wp-block-kadence-advancedgallery.kb-gallery-wrap-id-1759_55b138-b6{overflow:hidden;}.kb-gallery-id-1759_55b138-b6 .kadence-blocks-gallery-item .kb-gal-image-radius, .kb-gallery-id-1759_55b138-b6 .kb-slide-item .kb-gal-image-radius img{border-radius:0px 0px 0px 0px;;}.kb-gallery-id-1759_55b138-b6 .kadence-blocks-gallery-item .kadence-blocks-gallery-item-inner .kadence-blocks-gallery-item__caption{font-size:var(--global-kb-font-size-sm, 0.9rem);color:var(--global-palette4, #2D3748);}.kb-gallery-caption-style-cover-hover.kb-gallery-id-1759_55b138-b6 .kadence-blocks-gallery-item .kadence-blocks-gallery-item-inner .kadence-blocks-gallery-item__caption, .kb-gallery-caption-style-below.kb-gallery-id-1759_55b138-b6 .kadence-blocks-gallery-item .kadence-blocks-gallery-item-inner .kadence-blocks-gallery-item__caption{background:#fdf9f8;}.kb-gallery-wrap-id-1759_55b138-b6.wp-block-kadence-advancedgallery{overflow:visible;}.kb-gallery-wrap-id-1759_55b138-b6.wp-block-kadence-advancedgallery .kt-blocks-carousel{overflow:visible;}<\/style><div class=\"kb-gallery-wrap-id-1759_55b138-b6 alignnone wp-block-kadence-advancedgallery\"><div class=\"kb-gallery-ul kb-gallery-non-static kb-gallery-type-carousel kb-gallery-id-1759_55b138-b6 kb-gallery-caption-style-below kb-gallery-filter-none\" data-image-filter=\"none\" data-lightbox-caption=\"true\"><div class=\"kt-blocks-carousel splide kt-carousel-container-dotstyle-none kt-carousel-arrowstyle-none kt-carousel-dotstyle-none kb-slider-group-arrow kb-slider-arrow-position-center\" data-columns-xxl=\"2\" data-columns-xl=\"2\" data-columns-md=\"2\" data-columns-sm=\"2\" data-columns-xs=\"1\" data-columns-ss=\"1\" data-slider-anim-speed=\"400\" data-slider-scroll=\"1\" data-slider-arrows=\"false\" data-slider-dots=\"false\" data-slider-hover-pause=\"false\" data-slider-auto=\"\" data-slider-speed=\"7000\" data-slider-gap=\"30px\" data-slider-gap-tablet=\"30px\" data-slider-gap-mobile=\"30px\" data-show-pause-button=\"false\" data-slider-label=\"Photo Gallery Carousel\"><div class=\"splide__track\"><ul class=\"kt-blocks-carousel-init kb-gallery-carousel splide__list\"><li class=\"kb-slide-item kb-gallery-carousel-item splide__slide\"><div class=\"kadence-blocks-gallery-item\"><div class=\"kadence-blocks-gallery-item-inner\"><figure class=\"kb-gallery-figure kb-gallery-item-has-link kadence-blocks-gallery-item-has-caption\"><a href=\"https:\/\/www.rspa.ca\/?page_id=1275&#038;lang=fr\" class=\"kb-gallery-item-link\" target=\"_blank\" rel=\"noopener noreferrer\"><div class=\"kb-gal-image-radius\"><div class=\"kb-gallery-image-contain kadence-blocks-gallery-intrinsic kb-gallery-image-ratio-square kb-has-image-ratio-square\" ><img loading=\"lazy\" decoding=\"async\" src=\"data:image\/svg+xml,%3Csvg%20xmlns='http:\/\/www.w3.org\/2000\/svg'%20viewBox='0%200%201000%20667'%3E%3C\/svg%3E\"  data-splide-lazy=\"https:\/\/rubisspa.ch\/wp-content\/uploads\/2026\/02\/Rubis-SPA-centre-bien-etre-shangai.jpg\" width=\"700\" height=\"700\" alt=\"\" data-full-image=\"https:\/\/rubisspa.ch\/wp-content\/uploads\/2026\/02\/Rubis-SPA-centre-bien-etre-shangai.jpg\" data-light-image=\"https:\/\/rubisspa.ch\/wp-content\/uploads\/2026\/02\/Rubis-SPA-centre-bien-etre-shangai.jpg\" data-splide-lazy-srcset=\"https:\/\/rubisspa.ch\/wp-content\/uploads\/2026\/02\/Rubis-SPA-centre-bien-etre-shangai.jpg 700w, https:\/\/rubisspa.ch\/wp-content\/uploads\/2026\/02\/Rubis-SPA-centre-bien-etre-shangai-300x300.jpg 300w, https:\/\/rubisspa.ch\/wp-content\/uploads\/2026\/02\/Rubis-SPA-centre-bien-etre-shangai-150x150.jpg 150w, https:\/\/rubisspa.ch\/wp-content\/uploads\/2026\/02\/Rubis-SPA-centre-bien-etre-shangai-600x600.jpg 600w, https:\/\/rubisspa.ch\/wp-content\/uploads\/2026\/02\/Rubis-SPA-centre-bien-etre-shangai-100x100.jpg 100w\" sizes=\"auto, (max-width: 700px) 100vw, 700px\"data-id=\"1851\" class=\"wp-image-1851 skip-lazy\"\/><\/div><\/div><div class=\"kadence-blocks-gallery-item__caption\">Rubis SPA Shanghai<\/div><\/a><\/figure><\/div><\/div><\/li><li class=\"kb-slide-item kb-gallery-carousel-item splide__slide\"><div class=\"kadence-blocks-gallery-item\"><div class=\"kadence-blocks-gallery-item-inner\"><figure class=\"kb-gallery-figure kb-gallery-item-has-link kadence-blocks-gallery-item-has-caption\"><a href=\"https:\/\/www.rspa.ca\" class=\"kb-gallery-item-link\" target=\"_blank\" rel=\"noopener noreferrer\"><div class=\"kb-gal-image-radius\"><div class=\"kb-gallery-image-contain kadence-blocks-gallery-intrinsic kb-gallery-image-ratio-square kb-has-image-ratio-square\" ><img loading=\"lazy\" decoding=\"async\" src=\"data:image\/svg+xml,%3Csvg%20xmlns='http:\/\/www.w3.org\/2000\/svg'%20viewBox='0%200%201000%20667'%3E%3C\/svg%3E\"  data-splide-lazy=\"https:\/\/rubisspa.ch\/wp-content\/uploads\/2026\/02\/Rubis-SPA-international-toronto.jpg\" width=\"700\" height=\"700\" alt=\"\" data-full-image=\"https:\/\/rubisspa.ch\/wp-content\/uploads\/2026\/02\/Rubis-SPA-international-toronto.jpg\" data-light-image=\"https:\/\/rubisspa.ch\/wp-content\/uploads\/2026\/02\/Rubis-SPA-international-toronto.jpg\" data-splide-lazy-srcset=\"https:\/\/rubisspa.ch\/wp-content\/uploads\/2026\/02\/Rubis-SPA-international-toronto.jpg 700w, https:\/\/rubisspa.ch\/wp-content\/uploads\/2026\/02\/Rubis-SPA-international-toronto-300x300.jpg 300w, https:\/\/rubisspa.ch\/wp-content\/uploads\/2026\/02\/Rubis-SPA-international-toronto-150x150.jpg 150w, https:\/\/rubisspa.ch\/wp-content\/uploads\/2026\/02\/Rubis-SPA-international-toronto-600x600.jpg 600w, https:\/\/rubisspa.ch\/wp-content\/uploads\/2026\/02\/Rubis-SPA-international-toronto-100x100.jpg 100w\" sizes=\"auto, (max-width: 700px) 100vw, 700px\"data-id=\"2266\" class=\"wp-image-2266 skip-lazy\"\/><\/div><\/div><div class=\"kadence-blocks-gallery-item__caption\">Rubis SPA Toronto<\/div><\/a><\/figure><\/div><\/div><\/li><\/ul><\/div><\/div><\/div><\/div><\/div><\/div>\n\n<\/div><\/div>","protected":false},"excerpt":{"rendered":"<p>Our spas Rubis spa shanga\u00ef and toronto Our international wellness centers<\/p>\n","protected":false},"author":21,"featured_media":0,"parent":0,"menu_order":0,"comment_status":"closed","ping_status":"closed","template":"","meta":{"_kad_blocks_custom_css":"","_kad_blocks_head_custom_js":"","_kad_blocks_body_custom_js":"","_kad_blocks_footer_custom_js":"","_monsterinsights_skip_tracking":false,"_monsterinsights_sitenote_active":false,"_monsterinsights_sitenote_note":"","_monsterinsights_sitenote_category":0,"_kad_post_transparent":"","_kad_post_title":"","_kad_post_layout":"fullwidth","_kad_post_sidebar_id":"","_kad_post_content_style":"unboxed","_kad_post_vertical_padding":"","_kad_post_feature":"","_kad_post_feature_position":"","_kad_post_header":false,"_kad_post_footer":false,"_kad_post_classname":"","footnotes":""},"class_list":["post-2102","page","type-page","status-publish","hentry"],"yoast_head":"<!-- This site is optimized with the Yoast SEO plugin v27.3 - https:\/\/yoast.com\/product\/yoast-seo-wordpress\/ -->\n<title>Our spas - Rubis Spa Switzerland<\/title>\n<meta name=\"robots\" content=\"index, follow, max-snippet:-1, max-image-preview:large, max-video-preview:-1\" \/>\n<link rel=\"canonical\" href=\"https:\/\/rubisspa.ch\/en\/our-spas-2\/\" \/>\n<meta property=\"og:locale\" content=\"en_US\" \/>\n<meta property=\"og:type\" content=\"article\" \/>\n<meta property=\"og:title\" content=\"Our spas - Rubis Spa Switzerland\" \/>\n<meta property=\"og:description\" content=\"Our spas Rubis spa shanga\u00ef and toronto Our international wellness centers\" \/>\n<meta property=\"og:url\" content=\"https:\/\/rubisspa.ch\/en\/our-spas-2\/\" \/>\n<meta property=\"og:site_name\" content=\"Rubis Spa Switzerland\" \/>\n<meta property=\"article:modified_time\" content=\"2026-03-24T11:17:09+00:00\" \/>\n<meta name=\"twitter:card\" content=\"summary_large_image\" \/>\n<script type=\"application\/ld+json\" class=\"yoast-schema-graph\">{\"@context\":\"https:\\\/\\\/schema.org\",\"@graph\":[{\"@type\":\"WebPage\",\"@id\":\"https:\\\/\\\/rubisspa.ch\\\/en\\\/our-spas-2\\\/\",\"url\":\"https:\\\/\\\/rubisspa.ch\\\/en\\\/our-spas-2\\\/\",\"name\":\"Our spas - Rubis Spa Switzerland\",\"isPartOf\":{\"@id\":\"https:\\\/\\\/rubisspa.ch\\\/en\\\/#website\"},\"datePublished\":\"2026-02-10T09:45:43+00:00\",\"dateModified\":\"2026-03-24T11:17:09+00:00\",\"breadcrumb\":{\"@id\":\"https:\\\/\\\/rubisspa.ch\\\/en\\\/our-spas-2\\\/#breadcrumb\"},\"inLanguage\":\"en-US\",\"potentialAction\":[{\"@type\":\"ReadAction\",\"target\":[\"https:\\\/\\\/rubisspa.ch\\\/en\\\/our-spas-2\\\/\"]}]},{\"@type\":\"BreadcrumbList\",\"@id\":\"https:\\\/\\\/rubisspa.ch\\\/en\\\/our-spas-2\\\/#breadcrumb\",\"itemListElement\":[{\"@type\":\"ListItem\",\"position\":1,\"name\":\"Accueil\",\"item\":\"https:\\\/\\\/rubisspa.ch\\\/en\\\/\"},{\"@type\":\"ListItem\",\"position\":2,\"name\":\"Our spas\"}]},{\"@type\":\"WebSite\",\"@id\":\"https:\\\/\\\/rubisspa.ch\\\/en\\\/#website\",\"url\":\"https:\\\/\\\/rubisspa.ch\\\/en\\\/\",\"name\":\"Rubis Spa Corseaux\",\"description\":\"Votre \u00e9crin d&#039;\u00e9vasion face au L\u00e9man\",\"publisher\":{\"@id\":\"https:\\\/\\\/rubisspa.ch\\\/en\\\/#organization\"},\"potentialAction\":[{\"@type\":\"SearchAction\",\"target\":{\"@type\":\"EntryPoint\",\"urlTemplate\":\"https:\\\/\\\/rubisspa.ch\\\/en\\\/?s={search_term_string}\"},\"query-input\":{\"@type\":\"PropertyValueSpecification\",\"valueRequired\":true,\"valueName\":\"search_term_string\"}}],\"inLanguage\":\"en-US\"},{\"@type\":\"Organization\",\"@id\":\"https:\\\/\\\/rubisspa.ch\\\/en\\\/#organization\",\"name\":\"Rubis Spa Corseaux\",\"url\":\"https:\\\/\\\/rubisspa.ch\\\/en\\\/\",\"logo\":{\"@type\":\"ImageObject\",\"inLanguage\":\"en-US\",\"@id\":\"https:\\\/\\\/rubisspa.ch\\\/en\\\/#\\\/schema\\\/logo\\\/image\\\/\",\"url\":\"https:\\\/\\\/rubisspa.ch\\\/wp-content\\\/uploads\\\/2025\\\/03\\\/Rubis_Spa_Corseaux_Logo.png\",\"contentUrl\":\"https:\\\/\\\/rubisspa.ch\\\/wp-content\\\/uploads\\\/2025\\\/03\\\/Rubis_Spa_Corseaux_Logo.png\",\"width\":558,\"height\":374,\"caption\":\"Rubis Spa Corseaux\"},\"image\":{\"@id\":\"https:\\\/\\\/rubisspa.ch\\\/en\\\/#\\\/schema\\\/logo\\\/image\\\/\"}}]}<\/script>\n<!-- \/ Yoast SEO plugin. -->","yoast_head_json":{"title":"Our spas - Rubis Spa Switzerland","robots":{"index":"index","follow":"follow","max-snippet":"max-snippet:-1","max-image-preview":"max-image-preview:large","max-video-preview":"max-video-preview:-1"},"canonical":"https:\/\/rubisspa.ch\/en\/our-spas-2\/","og_locale":"en_US","og_type":"article","og_title":"Our spas - Rubis Spa Switzerland","og_description":"Our spas Rubis spa shanga\u00ef and toronto Our international wellness centers","og_url":"https:\/\/rubisspa.ch\/en\/our-spas-2\/","og_site_name":"Rubis Spa Switzerland","article_modified_time":"2026-03-24T11:17:09+00:00","twitter_card":"summary_large_image","schema":{"@context":"https:\/\/schema.org","@graph":[{"@type":"WebPage","@id":"https:\/\/rubisspa.ch\/en\/our-spas-2\/","url":"https:\/\/rubisspa.ch\/en\/our-spas-2\/","name":"Our spas - Rubis Spa Switzerland","isPartOf":{"@id":"https:\/\/rubisspa.ch\/en\/#website"},"datePublished":"2026-02-10T09:45:43+00:00","dateModified":"2026-03-24T11:17:09+00:00","breadcrumb":{"@id":"https:\/\/rubisspa.ch\/en\/our-spas-2\/#breadcrumb"},"inLanguage":"en-US","potentialAction":[{"@type":"ReadAction","target":["https:\/\/rubisspa.ch\/en\/our-spas-2\/"]}]},{"@type":"BreadcrumbList","@id":"https:\/\/rubisspa.ch\/en\/our-spas-2\/#breadcrumb","itemListElement":[{"@type":"ListItem","position":1,"name":"Accueil","item":"https:\/\/rubisspa.ch\/en\/"},{"@type":"ListItem","position":2,"name":"Our spas"}]},{"@type":"WebSite","@id":"https:\/\/rubisspa.ch\/en\/#website","url":"https:\/\/rubisspa.ch\/en\/","name":"Rubis Spa Corseaux","description":"Votre \u00e9crin d&#039;\u00e9vasion face au L\u00e9man","publisher":{"@id":"https:\/\/rubisspa.ch\/en\/#organization"},"potentialAction":[{"@type":"SearchAction","target":{"@type":"EntryPoint","urlTemplate":"https:\/\/rubisspa.ch\/en\/?s={search_term_string}"},"query-input":{"@type":"PropertyValueSpecification","valueRequired":true,"valueName":"search_term_string"}}],"inLanguage":"en-US"},{"@type":"Organization","@id":"https:\/\/rubisspa.ch\/en\/#organization","name":"Rubis Spa Corseaux","url":"https:\/\/rubisspa.ch\/en\/","logo":{"@type":"ImageObject","inLanguage":"en-US","@id":"https:\/\/rubisspa.ch\/en\/#\/schema\/logo\/image\/","url":"https:\/\/rubisspa.ch\/wp-content\/uploads\/2025\/03\/Rubis_Spa_Corseaux_Logo.png","contentUrl":"https:\/\/rubisspa.ch\/wp-content\/uploads\/2025\/03\/Rubis_Spa_Corseaux_Logo.png","width":558,"height":374,"caption":"Rubis Spa Corseaux"},"image":{"@id":"https:\/\/rubisspa.ch\/en\/#\/schema\/logo\/image\/"}}]}},"taxonomy_info":[],"featured_image_src_large":false,"author_info":{"display_name":"Meg Chikhani","author_link":"https:\/\/rubisspa.ch\/en\/author\/meg\/"},"comment_info":0,"jetpack_sharing_enabled":true,"_links":{"self":[{"href":"https:\/\/rubisspa.ch\/en\/wp-json\/wp\/v2\/pages\/2102","targetHints":{"allow":["GET"]}}],"collection":[{"href":"https:\/\/rubisspa.ch\/en\/wp-json\/wp\/v2\/pages"}],"about":[{"href":"https:\/\/rubisspa.ch\/en\/wp-json\/wp\/v2\/types\/page"}],"author":[{"embeddable":true,"href":"https:\/\/rubisspa.ch\/en\/wp-json\/wp\/v2\/users\/21"}],"replies":[{"embeddable":true,"href":"https:\/\/rubisspa.ch\/en\/wp-json\/wp\/v2\/comments?post=2102"}],"version-history":[{"count":2,"href":"https:\/\/rubisspa.ch\/en\/wp-json\/wp\/v2\/pages\/2102\/revisions"}],"predecessor-version":[{"id":2444,"href":"https:\/\/rubisspa.ch\/en\/wp-json\/wp\/v2\/pages\/2102\/revisions\/2444"}],"wp:attachment":[{"href":"https:\/\/rubisspa.ch\/en\/wp-json\/wp\/v2\/media?parent=2102"}],"curies":[{"name":"wp","href":"https:\/\/api.w.org\/{rel}","templated":true}]}}