{"id":2083,"date":"2026-02-10T14:37:28","date_gmt":"2026-02-10T13:37:28","guid":{"rendered":"https:\/\/rubisspa.ch\/?page_id=2083"},"modified":"2026-03-24T17:14:39","modified_gmt":"2026-03-24T16:14:39","slug":"gift-cards","status":"publish","type":"page","link":"https:\/\/rubisspa.ch\/en\/gift-cards\/","title":{"rendered":"Gift cards"},"content":{"rendered":"<style>.kb-row-layout-id2083_f13a48-46 > .kt-row-column-wrap{align-content:center;}:where(.kb-row-layout-id2083_f13a48-46 > .kt-row-column-wrap) > .wp-block-kadence-column{justify-content:center;}.kb-row-layout-id2083_f13a48-46 > .kt-row-column-wrap{column-gap:var(--global-kb-gap-md, 2rem);row-gap:var(--global-kb-gap-md, 2rem);max-width:var( --global-content-width, 1290px );padding-left:var(--global-content-edge-padding);padding-right:var(--global-content-edge-padding);padding-top:var(--global-kb-spacing-xl, 4rem);padding-bottom:var(--global-kb-spacing-3xl, 6.5rem);grid-template-columns:minmax(0, 1fr);}.kb-row-layout-id2083_f13a48-46 > .kt-row-layout-overlay{opacity:0.30;}@media all and (max-width: 1024px){.kb-row-layout-id2083_f13a48-46 > .kt-row-column-wrap{grid-template-columns:minmax(0, 1fr);}}@media all and (max-width: 767px){.kb-row-layout-id2083_f13a48-46 > .kt-row-column-wrap{grid-template-columns:minmax(0, 1fr);}}<\/style><div class=\"kb-row-layout-wrap kb-row-layout-id2083_f13a48-46 alignnone has-theme-palette8-background-color kt-row-has-bg wp-block-kadence-rowlayout\"><div class=\"kt-row-column-wrap kt-has-1-columns kt-row-layout-equal kt-tab-layout-inherit kt-mobile-layout-row kt-row-valign-middle kb-theme-content-width\">\n<style>.kadence-column2083_1ed446-2e > .kt-inside-inner-col,.kadence-column2083_1ed446-2e > .kt-inside-inner-col:before{border-top-left-radius:0px;border-top-right-radius:0px;border-bottom-right-radius:0px;border-bottom-left-radius:0px;}.kadence-column2083_1ed446-2e > .kt-inside-inner-col{column-gap:var(--global-kb-gap-sm, 1rem);}.kadence-column2083_1ed446-2e > .kt-inside-inner-col{flex-direction:column;}.kadence-column2083_1ed446-2e > .kt-inside-inner-col > .aligncenter{width:100%;}.kadence-column2083_1ed446-2e > .kt-inside-inner-col:before{opacity:0.3;}.kadence-column2083_1ed446-2e{position:relative;}@media all and (max-width: 1024px){.kadence-column2083_1ed446-2e > .kt-inside-inner-col{flex-direction:column;justify-content:center;}}@media all and (max-width: 767px){.kadence-column2083_1ed446-2e > .kt-inside-inner-col{flex-direction:column;justify-content:center;}}<\/style>\n<div class=\"wp-block-kadence-column kadence-column2083_1ed446-2e\"><div class=\"kt-inside-inner-col\"><style>.wp-block-kadence-advancedheading.kt-adv-heading2083_4b7514-bd, .wp-block-kadence-advancedheading.kt-adv-heading2083_4b7514-bd[data-kb-block=\"kb-adv-heading2083_4b7514-bd\"]{padding-bottom:var(--global-kb-spacing-xs, 1rem);margin-bottom:0px;text-align:center;font-weight:400;font-style:normal;font-family:mrblaketon-pro;}.wp-block-kadence-advancedheading.kt-adv-heading2083_4b7514-bd mark.kt-highlight, .wp-block-kadence-advancedheading.kt-adv-heading2083_4b7514-bd[data-kb-block=\"kb-adv-heading2083_4b7514-bd\"] mark.kt-highlight{font-style:normal;color:#f76a0c;-webkit-box-decoration-break:clone;box-decoration-break:clone;padding-top:0px;padding-right:0px;padding-bottom:0px;padding-left:0px;}.wp-block-kadence-advancedheading.kt-adv-heading2083_4b7514-bd img.kb-inline-image, .wp-block-kadence-advancedheading.kt-adv-heading2083_4b7514-bd[data-kb-block=\"kb-adv-heading2083_4b7514-bd\"] img.kb-inline-image{width:150px;vertical-align:baseline;}<\/style>\n<h2 class=\"kt-adv-heading2083_4b7514-bd wp-block-kadence-advancedheading\" data-kb-block=\"kb-adv-heading2083_4b7514-bd\">Our gift cards<\/h2>\n\n\n<style>.wp-block-kadence-advancedheading.kt-adv-heading2083_e6220a-df, .wp-block-kadence-advancedheading.kt-adv-heading2083_e6220a-df[data-kb-block=\"kb-adv-heading2083_e6220a-df\"]{padding-top:0px;padding-bottom:var(--global-kb-spacing-xxs, 0.5rem);margin-top:0px;margin-bottom:0px;text-align:center;font-size:var(--global-kb-font-size-lg, 2rem);font-weight:500;font-style:normal;font-family:swear-text;}.wp-block-kadence-advancedheading.kt-adv-heading2083_e6220a-df mark.kt-highlight, .wp-block-kadence-advancedheading.kt-adv-heading2083_e6220a-df[data-kb-block=\"kb-adv-heading2083_e6220a-df\"] mark.kt-highlight{font-style:normal;color:#f76a0c;-webkit-box-decoration-break:clone;box-decoration-break:clone;padding-top:0px;padding-right:0px;padding-bottom:0px;padding-left:0px;}.wp-block-kadence-advancedheading.kt-adv-heading2083_e6220a-df img.kb-inline-image, .wp-block-kadence-advancedheading.kt-adv-heading2083_e6220a-df[data-kb-block=\"kb-adv-heading2083_e6220a-df\"] img.kb-inline-image{width:150px;vertical-align:baseline;}@media all and (max-width: 1024px){.wp-block-kadence-advancedheading.kt-adv-heading2083_e6220a-df, .wp-block-kadence-advancedheading.kt-adv-heading2083_e6220a-df[data-kb-block=\"kb-adv-heading2083_e6220a-df\"]{font-size:var(--global-kb-font-size-xxl, 4rem);line-height:68px;}}@media all and (max-width: 767px){.wp-block-kadence-advancedheading.kt-adv-heading2083_e6220a-df, .wp-block-kadence-advancedheading.kt-adv-heading2083_e6220a-df[data-kb-block=\"kb-adv-heading2083_e6220a-df\"]{font-size:36px;line-height:50px;}}<\/style>\n<h1 class=\"kt-adv-heading2083_e6220a-df wp-block-kadence-advancedheading\" data-kb-block=\"kb-adv-heading2083_e6220a-df\" data-aos=\"fade-up\" data-aos-duration=\"700\" data-aos-delay=\"50\">offer a gift card<\/h1>\n\n\n<style>.wp-block-kadence-advancedheading.kt-adv-heading2083_658cc0-5d, .wp-block-kadence-advancedheading.kt-adv-heading2083_658cc0-5d[data-kb-block=\"kb-adv-heading2083_658cc0-5d\"]{text-align:center;font-weight:500;font-style:normal;font-family:swear-text;}.wp-block-kadence-advancedheading.kt-adv-heading2083_658cc0-5d mark.kt-highlight, .wp-block-kadence-advancedheading.kt-adv-heading2083_658cc0-5d[data-kb-block=\"kb-adv-heading2083_658cc0-5d\"] mark.kt-highlight{font-style:normal;color:#f76a0c;-webkit-box-decoration-break:clone;box-decoration-break:clone;padding-top:0px;padding-right:0px;padding-bottom:0px;padding-left:0px;}.wp-block-kadence-advancedheading.kt-adv-heading2083_658cc0-5d img.kb-inline-image, .wp-block-kadence-advancedheading.kt-adv-heading2083_658cc0-5d[data-kb-block=\"kb-adv-heading2083_658cc0-5d\"] img.kb-inline-image{width:150px;vertical-align:baseline;}<\/style>\n<p class=\"kt-adv-heading2083_658cc0-5d wp-block-kadence-advancedheading\" data-kb-block=\"kb-adv-heading2083_658cc0-5d\">Find out more about our services here.<\/p>\n\n\n\n<div data-block-name=\"woocommerce\/single-product\" data-product-id=\"735\" data-wp-context=\"{&quot;productId&quot;:735,&quot;variationId&quot;:null}\" data-wp-interactive=\"woocommerce\/single-product\" class=\"wp-block-woocommerce-single-product woocommerce\">\n<div class=\"wp-block-columns is-layout-flex wp-container-core-columns-is-layout-9d6595d7 wp-block-columns-is-layout-flex\">\n<div class=\"wp-block-column is-layout-flow wp-block-column-is-layout-flow\"><div data-block-name=\"woocommerce\/product-image\" data-height=\"500px\" data-is-descendent-of-single-product-block=\"true\" data-scale=\"contain\" data-show-sale-badge=\"false\" class=\"wc-block-components-product-image wc-block-grid__product-image wc-block-components-product-image--aspect-ratio-auto wp-block-woocommerce-product-image\"><a href=\"https:\/\/rubisspa.ch\/produit\/bon-cadeau\/\" style=\"\" data-wp-on--click=\"woocommerce\/product-collection::actions.viewProduct\"><img decoding=\"async\" width=\"600\" height=\"1250\" src=\"https:\/\/rubisspa.ch\/wp-content\/uploads\/2025\/04\/rubis-spa-bon-cadeau-web-1-600x1250.jpg\" class=\"attachment-woocommerce_single size-woocommerce_single\" alt=\"Bon-cadeau\" data-testid=\"product-image\" data-image-id=\"1129\" style=\"height:500px;object-fit:contain;\" loading=\"lazy\" srcset=\"https:\/\/rubisspa.ch\/wp-content\/uploads\/2025\/04\/rubis-spa-bon-cadeau-web-1-600x1250.jpg 600w, https:\/\/rubisspa.ch\/wp-content\/uploads\/2025\/04\/rubis-spa-bon-cadeau-web-1-144x300.jpg 144w, https:\/\/rubisspa.ch\/wp-content\/uploads\/2025\/04\/rubis-spa-bon-cadeau-web-1-492x1024.jpg 492w, https:\/\/rubisspa.ch\/wp-content\/uploads\/2025\/04\/rubis-spa-bon-cadeau-web-1-768x1600.jpg 768w, https:\/\/rubisspa.ch\/wp-content\/uploads\/2025\/04\/rubis-spa-bon-cadeau-web-1-737x1536.jpg 737w, https:\/\/rubisspa.ch\/wp-content\/uploads\/2025\/04\/rubis-spa-bon-cadeau-web-1-983x2048.jpg 983w, https:\/\/rubisspa.ch\/wp-content\/uploads\/2025\/04\/rubis-spa-bon-cadeau-web-1.jpg 1000w\" sizes=\"auto, (max-width: 600px) 100vw, 600px\" \/><div class=\"wc-block-components-product-image__inner-container\">\n\n<\/div><\/a><\/div><\/div>\n\n\n\n<div class=\"wp-block-column is-layout-flow wp-block-column-is-layout-flow\"><style>.wp-block-kadence-advancedheading.kt-adv-heading2083_ea2ad8-3e, .wp-block-kadence-advancedheading.kt-adv-heading2083_ea2ad8-3e[data-kb-block=\"kb-adv-heading2083_ea2ad8-3e\"]{padding-top:0px;padding-bottom:var(--global-kb-spacing-xs, 1rem);margin-bottom:0px;text-align:left;font-weight:400;font-style:normal;font-family:mrblaketon-pro;}.wp-block-kadence-advancedheading.kt-adv-heading2083_ea2ad8-3e mark.kt-highlight, .wp-block-kadence-advancedheading.kt-adv-heading2083_ea2ad8-3e[data-kb-block=\"kb-adv-heading2083_ea2ad8-3e\"] mark.kt-highlight{font-style:normal;color:#f76a0c;-webkit-box-decoration-break:clone;box-decoration-break:clone;padding-top:0px;padding-right:0px;padding-bottom:0px;padding-left:0px;}.wp-block-kadence-advancedheading.kt-adv-heading2083_ea2ad8-3e img.kb-inline-image, .wp-block-kadence-advancedheading.kt-adv-heading2083_ea2ad8-3e[data-kb-block=\"kb-adv-heading2083_ea2ad8-3e\"] img.kb-inline-image{width:150px;vertical-align:baseline;}<\/style>\n<h2 class=\"kt-adv-heading2083_ea2ad8-3e wp-block-kadence-advancedheading\" data-kb-block=\"kb-adv-heading2083_ea2ad8-3e\">Gift card<\/h2>\n\n\n\n\n<div data-block-name=\"woocommerce\/product-price\" data-is-descendent-of-single-product-block=\"true\" class=\"wp-block-woocommerce-product-price\" data-wp-interactive=\"woocommerce\/product-elements\" data-wp-context='{\"productElementKey\":\"price_html\"}'><div class=\"wc-block-components-product-price wc-block-grid__product-price\" data-wp-watch=\"callbacks.updateValue\" aria-live=\"polite\" aria-atomic=\"true\">\n\t\t\t\t\t<span class=\"woocommerce-Price-amount amount\" aria-hidden=\"true\"><bdi><span class=\"woocommerce-Price-currencySymbol\">&#67;&#72;&#70;<\/span>&nbsp;20.00<\/bdi><\/span> <span aria-hidden=\"true\">&ndash;<\/span> <span class=\"woocommerce-Price-amount amount\" aria-hidden=\"true\"><bdi><span class=\"woocommerce-Price-currencySymbol\">&#67;&#72;&#70;<\/span>&nbsp;600.00<\/bdi><\/span><span class=\"screen-reader-text\">Price range: &#67;&#72;&#70;&nbsp;20.00 through &#67;&#72;&#70;&nbsp;600.00<\/span>\n\t\t\t\t<\/div><\/div>\n\n\n<p>We will send the personalized gift voucher within 2 working days to the email address indicated in the \u201crecipient\u201d field.<br>Feel free to leave a unique message for your loved one!<\/p>\n\n\n<div data-block-name=\"woocommerce\/add-to-cart-form\" class=\"wp-block-add-to-cart-form wc-block-add-to-cart-form product wc-block-add-to-cart-form--input wp-block-woocommerce-add-to-cart-form\" >\n<form class=\"variations_form cart\" action=\"https:\/\/rubisspa.ch\/en\/wp-json\/wp\/v2\/pages\/2083\/\" method=\"post\" enctype='multipart\/form-data' data-product_id=\"735\" data-product_variations=\"false\">\n\t\n\t\t\t<table class=\"variations\" cellspacing=\"0\" role=\"presentation\">\n\t\t\t<tbody>\n\t\t\t\t\t\t\t\t\t<tr>\n\t\t\t\t\t\t<th class=\"label\"><label for=\"gift-card-amount\">Gift Card Amount<\/label><\/th>\n\t\t\t\t\t\t<td class=\"value\">\n\t\t\t\t\t\t\t<select id=\"gift-card-amount\" class=\"\" name=\"attribute_gift-card-amount\" data-attribute_name=\"attribute_gift-card-amount\" data-show_option_none=\"yes\"><option value=\"\">Choose an amount<\/option><option value=\"CHF\u00a020\" >CHF\u00a020<\/option><option value=\"CHF\u00a030\" >CHF\u00a030<\/option><option value=\"CHF\u00a040\" >CHF\u00a040<\/option><option value=\"CHF\u00a050\" >CHF\u00a050<\/option><option value=\"CHF\u00a060\" >CHF\u00a060<\/option><option value=\"CHF\u00a070\" >CHF\u00a070<\/option><option value=\"CHF\u00a080\" >CHF\u00a080<\/option><option value=\"CHF\u00a090\" >CHF\u00a090<\/option><option value=\"CHF\u00a0100\" >CHF\u00a0100<\/option><option value=\"CHF\u00a0110\" >CHF\u00a0110<\/option><option value=\"CHF\u00a0120\" >CHF\u00a0120<\/option><option value=\"CHF\u00a0130\" >CHF\u00a0130<\/option><option value=\"CHF\u00a0140\" >CHF\u00a0140<\/option><option value=\"CHF\u00a0150\" >CHF\u00a0150<\/option><option value=\"CHF\u00a0160\" >CHF\u00a0160<\/option><option value=\"CHF\u00a0170\" >CHF\u00a0170<\/option><option value=\"CHF\u00a0180\" >CHF\u00a0180<\/option><option value=\"CHF\u00a0190\" >CHF\u00a0190<\/option><option value=\"CHF\u00a0200\" >CHF\u00a0200<\/option><option value=\"CHF\u00a0210\" >CHF\u00a0210<\/option><option value=\"CHF\u00a0220\" >CHF\u00a0220<\/option><option value=\"CHF\u00a0230\" >CHF\u00a0230<\/option><option value=\"CHF\u00a0240\" >CHF\u00a0240<\/option><option value=\"CHF\u00a0250\" >CHF\u00a0250<\/option><option value=\"CHF\u00a0260\" >CHF\u00a0260<\/option><option value=\"CHF\u00a0270\" >CHF\u00a0270<\/option><option value=\"CHF\u00a0280\" >CHF\u00a0280<\/option><option value=\"CHF\u00a0290\" >CHF\u00a0290<\/option><option value=\"CHF\u00a0300\" >CHF\u00a0300<\/option><option value=\"CHF\u00a0310\" >CHF\u00a0310<\/option><option value=\"CHF\u00a0320\" >CHF\u00a0320<\/option><option value=\"CHF\u00a0330\" >CHF\u00a0330<\/option><option value=\"CHF\u00a0340\" >CHF\u00a0340<\/option><option value=\"CHF\u00a0350\" >CHF\u00a0350<\/option><option value=\"CHF\u00a0360\" >CHF\u00a0360<\/option><option value=\"CHF\u00a0370\" >CHF\u00a0370<\/option><option value=\"CHF\u00a0380\" >CHF\u00a0380<\/option><option value=\"CHF\u00a0390\" >CHF\u00a0390<\/option><option value=\"CHF\u00a0400\" >CHF\u00a0400<\/option><option value=\"CHF\u00a0410\" >CHF\u00a0410<\/option><option value=\"CHF\u00a0420\" >CHF\u00a0420<\/option><option value=\"CHF\u00a0430\" >CHF\u00a0430<\/option><option value=\"CHF\u00a0440\" >CHF\u00a0440<\/option><option value=\"CHF\u00a0450\" >CHF\u00a0450<\/option><option value=\"CHF\u00a0460\" >CHF\u00a0460<\/option><option value=\"CHF\u00a0470\" >CHF\u00a0470<\/option><option value=\"CHF\u00a0480\" >CHF\u00a0480<\/option><option value=\"CHF\u00a0490\" >CHF\u00a0490<\/option><option value=\"CHF\u00a0500\" >CHF\u00a0500<\/option><option value=\"CHF\u00a0510\" >CHF\u00a0510<\/option><option value=\"CHF\u00a0520\" >CHF\u00a0520<\/option><option value=\"CHF\u00a0530\" >CHF\u00a0530<\/option><option value=\"CHF\u00a0540\" >CHF\u00a0540<\/option><option value=\"CHF\u00a0550\" >CHF\u00a0550<\/option><option value=\"CHF\u00a0560\" >CHF\u00a0560<\/option><option value=\"CHF\u00a0570\" >CHF\u00a0570<\/option><option value=\"CHF\u00a0580\" >CHF\u00a0580<\/option><option value=\"CHF\u00a0590\" >CHF\u00a0590<\/option><option value=\"CHF\u00a0600\" >CHF\u00a0600<\/option><\/select><a class=\"reset_variations\" href=\"#\" aria-label=\"Clear options\">Clear<\/a>\t\t\t\t\t\t<\/td>\n\t\t\t\t\t<\/tr>\n\t\t\t\t\t\t\t<\/tbody>\n\t\t<\/table>\n\t\t<div class=\"reset_variations_alert screen-reader-text\" role=\"alert\" aria-live=\"polite\" aria-relevant=\"all\"><\/div>\n\t\t\n\t\t<div class=\"single_variation_wrap\">\n\t\t\t<style>\n    .pwgc-field-container {\n        margin-bottom: 14px;\n    }\n\n    .pwgc-label {\n        font-weight: 600;\n        display: block;\n    }\n\n    .pwgc-subtitle {\n        font-size: 11px;\n        line-height: 1.465;\n        color: #767676;\n    }\n\n    .pwgc-input-text {\n        width: 95%;\n    }\n\n    #pwgc-recipient-count {\n        font-weight: 600;\n    }\n\n    #pwgc-quantity-one-per-recipient {\n        display: none;\n    }\n\n    #pwgc-message {\n        display: block;\n        height: 100px;\n        width: 95%;\n    }\n\n    .pwgc-hidden {\n        display: none;\n    }\n\n                .woocommerce-variation-price {\n                display: none !important;\n            }\n            \n    .add_to_cart_wrapper {\n        flex-wrap: wrap;\n    }\n\n    #pwgc-purchase-container {\n        width: 100%;\n        flex-basis: 100% !important;\n        display: block;\n    }\n\n    \/* Support for the Neve Theme *\/\n    .woocommerce.single .single_variation_wrap > style, .woocommerce.single .woocommerce-variation-add-to-cart > style {\n        display: none;\n    }\n\n    .single_add_to_cart_button {\n        flex: 1;\n    }\n\n    .woocommerce-variation-add-to-cart {\n        flex-wrap: wrap !important;\n    }\n<\/style>\n<div id=\"pwgc-purchase-container\" style=\"display: none;\">\n    <div class=\"pwgc-field-container\">\n        <label for=\"pwgc-to\" class=\"pwgc-label\">To<\/label>\n        <input type=\"text\" id=\"pwgc-to\" name=\"pw_gift_card_to\" class=\"pwgc-input-text\" placeholder=\"Enter an email address for each recipient\" value=\"\" required>\n        <div class=\"pwgc-subtitle\">Separate multiple email addresses with a comma.<\/div>\n    <\/div>\n\n    <div class=\"pwgc-field-container\">\n        <label for=\"pwgc-from\" class=\"pwgc-label\">From<\/label>\n        <input type=\"text\" id=\"pwgc-from\" name=\"pw_gift_card_from\" class=\"pwgc-input-text\" placeholder=\"Your name\" value=\"\" required>\n    <\/div>\n\n    <div class=\"pwgc-field-container\">\n        <label for=\"pwgc-message\" class=\"pwgc-label\">Message (optional)<\/label>\n        <textarea id=\"pwgc-message\" name=\"pw_gift_card_message\" placeholder=\"Add a message\" maxlength=\"500\"><\/textarea>\n        <div class=\"pwgc-subtitle\"><span id=\"pwgc-message-characters-remaining\">500<\/span> characters remaining<\/div>\n    <\/div>\n\n    <div id=\"pwgc-quantity-one-per-recipient\" class=\"pwgc-field-container\">\n        <div class=\"pwgc-label\">Quantity: <span id=\"pwgc-recipient-count\">1<\/span><\/div>\n        <div class=\"pwgc-subtitle\">1 to each recipient<\/div>\n    <\/div>\n<\/div>\n<div class=\"woocommerce-variation single_variation\" role=\"alert\" aria-relevant=\"additions\"><\/div><div class=\"woocommerce-variation-add-to-cart variations_button\">\n\t\n\t<div class=\"quantity\">\n\t\t<label class=\"screen-reader-text\" for=\"quantity_69dd13ba982b7\">Bon-cadeau quantity<\/label>\n\t<input\n\t\ttype=\"number\"\n\t\t\t\tid=\"quantity_69dd13ba982b7\"\n\t\tclass=\"input-text qty text\"\n\t\tname=\"quantity\"\n\t\tvalue=\"1\"\n\t\taria-label=\"Product quantity\"\n\t\t\t\tmin=\"1\"\n\t\t\t\t\t\t\tstep=\"1\"\n\t\t\tplaceholder=\"\"\n\t\t\tinputmode=\"numeric\"\n\t\t\tautocomplete=\"off\"\n\t\t\t\/>\n\t<\/div>\n\n\t<button type=\"submit\" class=\"single_add_to_cart_button button alt\">Add to cart<\/button>\n\n\t\n\t<input type=\"hidden\" name=\"add-to-cart\" value=\"735\" \/>\n\t<input type=\"hidden\" name=\"product_id\" value=\"735\" \/>\n\t<input type=\"hidden\" name=\"variation_id\" class=\"variation_id\" value=\"0\" \/>\n<\/div>\n\t\t<\/div>\n\t\n\t<\/form>\n\n<\/div>\n\n\n<div data-block-name=\"woocommerce\/product-meta\" class=\"wp-block-woocommerce-product-meta\">\n<div class=\"wp-block-group is-nowrap is-layout-flex wp-container-core-group-is-layout-ad2f72ca wp-block-group-is-layout-flex\">\n\n<div class=\"taxonomy-product_cat wp-block-post-terms\"><span class=\"wp-block-post-terms__prefix\">Category\u00a0: <\/span><a href=\"https:\/\/rubisspa.ch\/categorie-produit\/bons-cadeaux\/\" rel=\"tag\">Bons cadeaux<\/a><\/div>\n\n<\/div>\n<\/div>\n<\/div>\n<\/div>\n<\/div>\n<\/div><\/div>\n\n<\/div><\/div>\n\n\n<p><\/p>\n","protected":false},"excerpt":{"rendered":"<p>Our gift cards offer a gift card Find out more about our services here.<\/p>\n","protected":false},"author":21,"featured_media":0,"parent":0,"menu_order":0,"comment_status":"closed","ping_status":"closed","template":"","meta":{"_kad_blocks_custom_css":"","_kad_blocks_head_custom_js":"","_kad_blocks_body_custom_js":"","_kad_blocks_footer_custom_js":"","_monsterinsights_skip_tracking":false,"_monsterinsights_sitenote_active":false,"_monsterinsights_sitenote_note":"","_monsterinsights_sitenote_category":0,"_kad_post_transparent":"","_kad_post_title":"","_kad_post_layout":"fullwidth","_kad_post_sidebar_id":"","_kad_post_content_style":"unboxed","_kad_post_vertical_padding":"","_kad_post_feature":"","_kad_post_feature_position":"","_kad_post_header":false,"_kad_post_footer":false,"_kad_post_classname":"","footnotes":""},"class_list":["post-2083","page","type-page","status-publish","hentry"],"yoast_head":"<!-- This site is optimized with the Yoast SEO plugin v27.3 - https:\/\/yoast.com\/product\/yoast-seo-wordpress\/ -->\n<title>Gift cards - Rubis Spa Switzerland<\/title>\n<meta name=\"robots\" content=\"index, follow, max-snippet:-1, max-image-preview:large, max-video-preview:-1\" \/>\n<link rel=\"canonical\" href=\"https:\/\/rubisspa.ch\/en\/gift-cards\/\" \/>\n<meta property=\"og:locale\" content=\"en_US\" \/>\n<meta property=\"og:type\" content=\"article\" \/>\n<meta property=\"og:title\" content=\"Gift cards - Rubis Spa Switzerland\" \/>\n<meta property=\"og:description\" content=\"Our gift cards offer a gift card Find out more about our services here.\" \/>\n<meta property=\"og:url\" content=\"https:\/\/rubisspa.ch\/en\/gift-cards\/\" \/>\n<meta property=\"og:site_name\" content=\"Rubis Spa Switzerland\" \/>\n<meta property=\"article:modified_time\" content=\"2026-03-24T16:14:39+00:00\" \/>\n<meta name=\"twitter:card\" content=\"summary_large_image\" \/>\n<meta name=\"twitter:label1\" content=\"Est. reading time\" \/>\n\t<meta name=\"twitter:data1\" content=\"1 minute\" \/>\n<script type=\"application\/ld+json\" class=\"yoast-schema-graph\">{\"@context\":\"https:\\\/\\\/schema.org\",\"@graph\":[{\"@type\":\"WebPage\",\"@id\":\"https:\\\/\\\/rubisspa.ch\\\/en\\\/gift-cards\\\/\",\"url\":\"https:\\\/\\\/rubisspa.ch\\\/en\\\/gift-cards\\\/\",\"name\":\"Gift cards - Rubis Spa Switzerland\",\"isPartOf\":{\"@id\":\"https:\\\/\\\/rubisspa.ch\\\/en\\\/#website\"},\"datePublished\":\"2026-02-10T13:37:28+00:00\",\"dateModified\":\"2026-03-24T16:14:39+00:00\",\"breadcrumb\":{\"@id\":\"https:\\\/\\\/rubisspa.ch\\\/en\\\/gift-cards\\\/#breadcrumb\"},\"inLanguage\":\"en-US\",\"potentialAction\":[{\"@type\":\"ReadAction\",\"target\":[\"https:\\\/\\\/rubisspa.ch\\\/en\\\/gift-cards\\\/\"]}]},{\"@type\":\"BreadcrumbList\",\"@id\":\"https:\\\/\\\/rubisspa.ch\\\/en\\\/gift-cards\\\/#breadcrumb\",\"itemListElement\":[{\"@type\":\"ListItem\",\"position\":1,\"name\":\"Accueil\",\"item\":\"https:\\\/\\\/rubisspa.ch\\\/en\\\/\"},{\"@type\":\"ListItem\",\"position\":2,\"name\":\"Gift cards\"}]},{\"@type\":\"WebSite\",\"@id\":\"https:\\\/\\\/rubisspa.ch\\\/en\\\/#website\",\"url\":\"https:\\\/\\\/rubisspa.ch\\\/en\\\/\",\"name\":\"Rubis Spa Corseaux\",\"description\":\"Votre \u00e9crin d&#039;\u00e9vasion face au L\u00e9man\",\"publisher\":{\"@id\":\"https:\\\/\\\/rubisspa.ch\\\/en\\\/#organization\"},\"potentialAction\":[{\"@type\":\"SearchAction\",\"target\":{\"@type\":\"EntryPoint\",\"urlTemplate\":\"https:\\\/\\\/rubisspa.ch\\\/en\\\/?s={search_term_string}\"},\"query-input\":{\"@type\":\"PropertyValueSpecification\",\"valueRequired\":true,\"valueName\":\"search_term_string\"}}],\"inLanguage\":\"en-US\"},{\"@type\":\"Organization\",\"@id\":\"https:\\\/\\\/rubisspa.ch\\\/en\\\/#organization\",\"name\":\"Rubis Spa Corseaux\",\"url\":\"https:\\\/\\\/rubisspa.ch\\\/en\\\/\",\"logo\":{\"@type\":\"ImageObject\",\"inLanguage\":\"en-US\",\"@id\":\"https:\\\/\\\/rubisspa.ch\\\/en\\\/#\\\/schema\\\/logo\\\/image\\\/\",\"url\":\"https:\\\/\\\/rubisspa.ch\\\/wp-content\\\/uploads\\\/2025\\\/03\\\/Rubis_Spa_Corseaux_Logo.png\",\"contentUrl\":\"https:\\\/\\\/rubisspa.ch\\\/wp-content\\\/uploads\\\/2025\\\/03\\\/Rubis_Spa_Corseaux_Logo.png\",\"width\":558,\"height\":374,\"caption\":\"Rubis Spa Corseaux\"},\"image\":{\"@id\":\"https:\\\/\\\/rubisspa.ch\\\/en\\\/#\\\/schema\\\/logo\\\/image\\\/\"}}]}<\/script>\n<!-- \/ Yoast SEO plugin. -->","yoast_head_json":{"title":"Gift cards - Rubis Spa Switzerland","robots":{"index":"index","follow":"follow","max-snippet":"max-snippet:-1","max-image-preview":"max-image-preview:large","max-video-preview":"max-video-preview:-1"},"canonical":"https:\/\/rubisspa.ch\/en\/gift-cards\/","og_locale":"en_US","og_type":"article","og_title":"Gift cards - Rubis Spa Switzerland","og_description":"Our gift cards offer a gift card Find out more about our services here.","og_url":"https:\/\/rubisspa.ch\/en\/gift-cards\/","og_site_name":"Rubis Spa Switzerland","article_modified_time":"2026-03-24T16:14:39+00:00","twitter_card":"summary_large_image","twitter_misc":{"Est. reading time":"1 minute"},"schema":{"@context":"https:\/\/schema.org","@graph":[{"@type":"WebPage","@id":"https:\/\/rubisspa.ch\/en\/gift-cards\/","url":"https:\/\/rubisspa.ch\/en\/gift-cards\/","name":"Gift cards - Rubis Spa Switzerland","isPartOf":{"@id":"https:\/\/rubisspa.ch\/en\/#website"},"datePublished":"2026-02-10T13:37:28+00:00","dateModified":"2026-03-24T16:14:39+00:00","breadcrumb":{"@id":"https:\/\/rubisspa.ch\/en\/gift-cards\/#breadcrumb"},"inLanguage":"en-US","potentialAction":[{"@type":"ReadAction","target":["https:\/\/rubisspa.ch\/en\/gift-cards\/"]}]},{"@type":"BreadcrumbList","@id":"https:\/\/rubisspa.ch\/en\/gift-cards\/#breadcrumb","itemListElement":[{"@type":"ListItem","position":1,"name":"Accueil","item":"https:\/\/rubisspa.ch\/en\/"},{"@type":"ListItem","position":2,"name":"Gift cards"}]},{"@type":"WebSite","@id":"https:\/\/rubisspa.ch\/en\/#website","url":"https:\/\/rubisspa.ch\/en\/","name":"Rubis Spa Corseaux","description":"Votre \u00e9crin d&#039;\u00e9vasion face au L\u00e9man","publisher":{"@id":"https:\/\/rubisspa.ch\/en\/#organization"},"potentialAction":[{"@type":"SearchAction","target":{"@type":"EntryPoint","urlTemplate":"https:\/\/rubisspa.ch\/en\/?s={search_term_string}"},"query-input":{"@type":"PropertyValueSpecification","valueRequired":true,"valueName":"search_term_string"}}],"inLanguage":"en-US"},{"@type":"Organization","@id":"https:\/\/rubisspa.ch\/en\/#organization","name":"Rubis Spa Corseaux","url":"https:\/\/rubisspa.ch\/en\/","logo":{"@type":"ImageObject","inLanguage":"en-US","@id":"https:\/\/rubisspa.ch\/en\/#\/schema\/logo\/image\/","url":"https:\/\/rubisspa.ch\/wp-content\/uploads\/2025\/03\/Rubis_Spa_Corseaux_Logo.png","contentUrl":"https:\/\/rubisspa.ch\/wp-content\/uploads\/2025\/03\/Rubis_Spa_Corseaux_Logo.png","width":558,"height":374,"caption":"Rubis Spa Corseaux"},"image":{"@id":"https:\/\/rubisspa.ch\/en\/#\/schema\/logo\/image\/"}}]}},"taxonomy_info":[],"featured_image_src_large":false,"author_info":{"display_name":"Meg Chikhani","author_link":"https:\/\/rubisspa.ch\/en\/author\/meg\/"},"comment_info":0,"jetpack_sharing_enabled":true,"_links":{"self":[{"href":"https:\/\/rubisspa.ch\/en\/wp-json\/wp\/v2\/pages\/2083","targetHints":{"allow":["GET"]}}],"collection":[{"href":"https:\/\/rubisspa.ch\/en\/wp-json\/wp\/v2\/pages"}],"about":[{"href":"https:\/\/rubisspa.ch\/en\/wp-json\/wp\/v2\/types\/page"}],"author":[{"embeddable":true,"href":"https:\/\/rubisspa.ch\/en\/wp-json\/wp\/v2\/users\/21"}],"replies":[{"embeddable":true,"href":"https:\/\/rubisspa.ch\/en\/wp-json\/wp\/v2\/comments?post=2083"}],"version-history":[{"count":6,"href":"https:\/\/rubisspa.ch\/en\/wp-json\/wp\/v2\/pages\/2083\/revisions"}],"predecessor-version":[{"id":2554,"href":"https:\/\/rubisspa.ch\/en\/wp-json\/wp\/v2\/pages\/2083\/revisions\/2554"}],"wp:attachment":[{"href":"https:\/\/rubisspa.ch\/en\/wp-json\/wp\/v2\/media?parent=2083"}],"curies":[{"name":"wp","href":"https:\/\/api.w.org\/{rel}","templated":true}]}}